{"id":54,"date":"2017-10-03T12:29:08","date_gmt":"2017-10-03T09:29:08","guid":{"rendered":"http:\/\/tr.lotussoft.biz\/?page_id=54"},"modified":"2023-04-29T21:59:13","modified_gmt":"2023-04-29T18:59:13","slug":"sich-ukraine","status":"publish","type":"page","link":"https:\/\/sichmedical.com\/fr\/sich-ukraine\/","title":{"rendered":"\u00c0 propos de la soci\u00e9t\u00e9"},"content":{"rendered":"<p>[et_pb_section fb_built=&#187;1&#8243; _builder_version=&#187;3.22&#8243;][et_pb_row module_class=&#187;text-block&#187; _builder_version=&#187;3.25&#8243; custom_padding=&#187;||0px|&#187;][et_pb_column type=&#187;4_4&#8243; _builder_version=&#187;3.25&#8243; custom_padding=&#187;||0px|&#187; custom_padding__hover=&#187;|||&#187;][et_pb_text module_class=&#187;text-block&#187; _builder_version=&#187;4.9.4&#8243;]<\/p>\n<div class=\"intro-contacts\">\n<h1>SOCI\u00c9T\u00c9  \u201cSICH Ukraine\u201d<\/h1>\n<\/div>\n<p>[\/et_pb_text][\/et_pb_column][\/et_pb_row][et_pb_row custom_padding_last_edited=&#187;on|phone&#187; module_class=&#187;text-block&#187; _builder_version=&#187;3.25&#8243; custom_margin=&#187;||0px|&#187; custom_padding=&#187;0px||0px|&#187; custom_padding_tablet=&#187;&#187; custom_padding_phone=&#187;|10px||10px&#187;][et_pb_column type=&#187;4_4&#8243; _builder_version=&#187;3.25&#8243; custom_padding=&#187;|||&#187; custom_padding__hover=&#187;|||&#187;][et_pb_text _builder_version=&#187;4.9.4&#8243; text_font=&#187;||||||||&#187; hover_enabled=&#187;0&#8243; sticky_enabled=&#187;0&#8243;]<\/p>\n<p style=\"margin: 0cm; margin-bottom: .0001pt; text-align: justify; text-justify: inter-ideograph; background: white; vertical-align: baseline;\"><span style=\"font-size: 12.0pt; font-family: 'Arial',sans-serif; color: #3a3a3a;\">Premier fabricant ukrainien de garrots &#171;SICH-Tourniquet&#187; &#8212; l&#8217;outil num\u00e9ro un des kits de premiers secours civils et militaires modernes. <o:p><\/o:p><\/span><\/p>\n<p style=\"margin: 0cm; margin-bottom: .0001pt; text-align: justify; text-justify: inter-ideograph; background: white; vertical-align: baseline;\"><span style=\"font-size: 12.0pt; font-family: 'Arial',sans-serif; color: #3a3a3a;\">Fournisseur officiel du minist\u00e8re de la D\u00e9fense de l&#8217;Ukraine, de la garde nationale, de la police.<o:p><\/o:p><\/span><\/p>\n<p style=\"margin: 0cm; margin-bottom: .0001pt; text-align: justify; text-justify: inter-ideograph; background: white; vertical-align: baseline;\"><span style=\"font-size: 12.0pt; font-family: 'Arial',sans-serif; color: #3a3a3a;\">Fond\u00e9e en 2014 par une \u00e9quipe d&#8217;entrepreneurs et de b\u00e9n\u00e9voles dirig\u00e9e par Alexander GadomskIy.<o:p><\/o:p><\/span><\/p>\n<p style=\"margin: 0cm; margin-bottom: .0001pt; text-align: justify; text-justify: inter-ideograph; background: white; vertical-align: baseline;\"><span style=\"font-size: 12.0pt; font-family: 'Arial',sans-serif; color: #3a3a3a;\">La premi\u00e8re et principale t\u00e2che des d\u00e9veloppeurs au moment de la cr\u00e9ation de la soci\u00e9t\u00e9, dans les conditions de la guerre contre l&#8217;Ukraine &#8212; \u00e9tait d&#8217;inventer son propre design sp\u00e9cial du &#171;SICH-Tourniquet&#187;, qui serait dans toutes les conditions m\u00e9t\u00e9orologiques, lorsqu&#8217;il est chauff\u00e9 ou tr\u00e8s froid, arr\u00eaterait rapidement l&#8217;h\u00e9morragie massive des extr\u00e9mit\u00e9s et r\u00e9sisterait \u00e0 une surcharge extr\u00eame.<o:p><\/o:p><\/span><\/p>\n<p style=\"margin: 0cm; margin-bottom: .0001pt; text-align: justify; text-justify: inter-ideograph; background: white; vertical-align: baseline;\"><span style=\"font-size: 12.0pt; font-family: 'Arial',sans-serif; color: #3a3a3a;\">Apr\u00e8s des \u00e9tapes de d\u00e9veloppement, de tests et de consultations, l&#8217;\u00e9quipe a finalement trouv\u00e9 une solution compl\u00e8te efficace, qui a ensuite \u00e9t\u00e9 incorpor\u00e9e dans le design original et brevet\u00e9 &#171;SICH-Tourniquet&#187;<o:p><\/o:p><\/span><\/p>\n<p style=\"margin: 0cm; margin-bottom: .0001pt; text-align: justify; text-justify: inter-ideograph; background: white; vertical-align: baseline;\"><span style=\"font-size: 12.0pt; font-family: 'Arial',sans-serif; color: #3a3a3a;\">&#171;SICH&#187; est un symbole de la force de l&#8217;Ukraine.<o:p><\/o:p><\/span><\/p>\n<p style=\"margin: 0cm; margin-bottom: .0001pt; text-align: justify; text-justify: inter-ideograph; background: white; vertical-align: baseline;\"><span style=\"font-size: 12.0pt; font-family: 'Arial',sans-serif; color: #3a3a3a;\">C&#8217;est pourquoi notre entreprise a pris ce nom fort et durci!<o:p><\/o:p><\/span><\/p>\n<p style=\"margin: 0cm; margin-bottom: .0001pt; text-align: justify; text-justify: inter-ideograph; background: white; vertical-align: baseline;\"><span style=\"font-size: 12.0pt; font-family: 'Arial',sans-serif; color: #3a3a3a;\">En g\u00e9n\u00e9ral, l&#8217;histoire du &#171;SICH-Tourniquet&#187; est l&#8217;histoire d&#8217;unir un grand nombre de personnes, l&#8217;\u00e9quipe de designers, m\u00e9decins, militaires, b\u00e9n\u00e9voles, pour le noble objectif &#8212; sauver des vies.<o:p><\/o:p><\/span><\/p>\n<p>[\/et_pb_text][\/et_pb_column][\/et_pb_row][\/et_pb_section]<\/p>\n","protected":false},"excerpt":{"rendered":"<p>[et_pb_section fb_built=&#187;1&#8243; _builder_version=&#187;3.22&#8243;][et_pb_row module_class=&#187;text-block&#187; _builder_version=&#187;3.25&#8243; custom_padding=&#187;||0px|&#187;][et_pb_column type=&#187;4_4&#8243; _builder_version=&#187;3.25&#8243; custom_padding=&#187;||0px|&#187; custom_padding__hover=&#187;|||&#187;][et_pb_text module_class=&#187;text-block&#187; _builder_version=&#187;4.9.4&#8243;] SOCI\u00c9T\u00c9 \u201cSICH Ukraine\u201d [\/et_pb_text][\/et_pb_column][\/et_pb_row][et_pb_row custom_padding_last_edited=&#187;on|phone&#187; module_class=&#187;text-block&#187; _builder_version=&#187;3.25&#8243; custom_margin=&#187;||0px|&#187; custom_padding=&#187;0px||0px|&#187; custom_padding_tablet=&#187;&#187; custom_padding_phone=&#187;|10px||10px&#187;][et_pb_column type=&#187;4_4&#8243; _builder_version=&#187;3.25&#8243; custom_padding=&#187;|||&#187; custom_padding__hover=&#187;|||&#187;][et_pb_text _builder_version=&#187;4.9.4&#8243; text_font=&#187;||||||||&#187; hover_enabled=&#187;0&#8243; sticky_enabled=&#187;0&#8243;] Premier fabricant ukrainien de garrots &#171;SICH-Tourniquet&#187; &#8212; l&#8217;outil num\u00e9ro un des kits de premiers secours civils et militaires modernes. Fournisseur officiel du minist\u00e8re de [&hellip;]<\/p>\n","protected":false},"author":1,"featured_media":0,"parent":0,"menu_order":0,"comment_status":"closed","ping_status":"closed","template":"","meta":{"_et_pb_use_builder":"on","_et_pb_old_content":"<h1 style=\"text-align: center;\">\u041a\u043e\u043c\u043f\u0430\u043d\u0456\u044f \"\u0421\u0456\u0447-\u0423\u043a\u0440\u0430\u0457\u043d\u0430\".<\/h1>\r\n\u041f\u0440\u043e\u0432\u0456\u0434\u043d\u0438\u0439 \u0443\u043a\u0440\u0430\u0457\u043d\u0441\u044c\u043a\u0438\u0439 \u0432\u0438\u0440\u043e\u0431\u043d\u0438\u043a \u043a\u0440\u043e\u0432\u043e\u0441\u043f\u0438\u043d\u043d\u0438\u0445 \u0434\u0436\u0433\u0443\u0442\u0456\u0432 \"\u0421\u0406\u0427-\u0422\u0443\u0440\u043d\u0456\u043a\u0435\u0442\" - \u0456\u043d\u0441\u0442\u0440\u0443\u043c\u0435\u043d\u0442\u0443 \u043d\u043e\u043c\u0435\u0440 \u043e\u0434\u0438\u043d \u0432 \u0441\u0443\u0447\u0430\u0441\u043d\u0438\u0445 \u0446\u0438\u0432\u0456\u043b\u044c\u043d\u0438\u0445 \u0456 \u0432\u0456\u0439\u0441\u044c\u043a\u043e\u0432\u0438\u0445 \u0430\u043f\u0442\u0435\u0447\u043a\u0430\u0445. \u041e\u0444\u0456\u0446\u0456\u0439\u043d\u0438\u0439 \u043f\u043e\u0441\u0442\u0430\u0447\u0430\u043b\u044c\u043d\u0438\u043a \u0417\u0431\u0440\u043e\u0457\u043d\u0438\u0445 \u0441\u0438\u043b \u0423\u043a\u0440\u0430\u0457\u043d\u0438,\u041d\u0430\u0446\u0456\u043e\u043d\u0430\u043b\u044c\u043d\u043e\u0457 \u043f\u043e\u043b\u0456\u0446\u0456\u0457 \u0423\u043a\u0440\u0430\u0457\u043d\u0438, \u041d\u0430\u0446\u0456\u043e\u043d\u0430\u043b\u044c\u043d\u043e\u0457 \u0413\u0432\u0430\u0440\u0434\u0456\u0457 \u0423\u043a\u0440\u0430\u0457\u043d\u0438. \u0417\u0430\u0441\u043d\u043e\u0432\u0430\u043d\u0430 \u0443 2014 \u0440\u043e\u0446\u0456. \u041f\u0435\u0440\u0448\u0438\u043c \u0456 \u0433\u043e\u043b\u043e\u0432\u043d\u0438\u043c \u0437\u0430\u0432\u0434\u0430\u043d\u043d\u044f\u043c, \u044f\u043a\u0435 \u043f\u043e\u0441\u0442\u0430\u043b\u043e \u043f\u0435\u0440\u0435\u0434 \u0440\u043e\u0437\u0440\u043e\u0431\u043d\u0438\u043a\u0430\u043c\u0438 \u043d\u0430 \u043c\u043e\u043c\u0435\u043d\u0442 \u0441\u0442\u0432\u043e\u0440\u0435\u043d\u043d\u044f \u043a\u043e\u043c\u043f\u0430\u043d\u0456\u0457 \u2013 \u0431\u0443\u043b\u043e \u0432\u0438\u043d\u0430\u0439\u0442\u0438 \u0441\u0432\u043e\u044e, \u043e\u0441\u043e\u0431\u043b\u0438\u0432\u0443 \u043a\u043e\u043d\u0441\u0442\u0440\u0443\u043a\u0446\u0456\u044e, \u044f\u043a\u0430 \u0431 \u0437\u0430 \u0431\u0443\u0434\u044c-\u044f\u043a\u0438\u0445 \u043f\u043e\u0433\u043e\u0434\u043d\u0438\u0445 \u0443\u043c\u043e\u0432, \u0443 \u043c\u043e\u043a\u0440\u043e\u043c\u0443, \u0437\u0430\u0441\u043d\u0456\u0436\u0435\u043d\u043e\u043c\u0443, \u0437\u0430\u0431\u0440\u0443\u0434\u043d\u0435\u043d\u043e\u043c\u0443 \u0441\u0442\u0430\u043d\u0456, \u043f\u0440\u0438 \u0435\u043a\u0441\u0442\u0440\u0435\u043c\u0430\u043b\u044c\u043d\u043e\u043c\u0443 \u043d\u0430\u0433\u0440\u0456\u0432\u0430\u043d\u043d\u0456 \u0447\u0438 \u043e\u0445\u043e\u043b\u043e\u0434\u0436\u0435\u043d\u0456, \u0437\u0443\u043f\u0438\u043d\u044f\u043b\u0430 \u0431 \u043c\u0430\u0441\u043e\u0432\u0430\u043d\u0443 \u043a\u0440\u043e\u0432\u043e\u0442\u0435\u0447\u0443 \u043a\u0456\u043d\u0446\u0456\u0432\u043a\u0438 \u0456 \u0432\u0438\u0442\u0440\u0438\u043c\u0443\u0432\u0430\u043b\u0430 \u0435\u043a\u0441\u0442\u0440\u0435\u043c\u0430\u043b\u044c\u043d\u0456 \u043f\u0435\u0440\u0435\u043d\u0430\u0432\u0430\u043d\u0442\u0430\u0436\u0435\u043d\u043d\u044f. \u0428\u0432\u0438\u0434\u043a\u043e \u043f\u0440\u043e\u0439\u0448\u043e\u0432\u0448\u0438 \u0435\u0442\u0430\u043f\u0438 \u0440\u043e\u0437\u0440\u043e\u0431\u043a\u0438, \u0442\u0435\u0441\u0442\u0456\u0432 \u0456 \u043a\u043e\u043d\u0441\u0443\u043b\u044c\u0442\u0430\u0446\u0456\u0439, \u043a\u043e\u043c\u0430\u043d\u0434\u0430 \u0437\u0440\u0435\u0448\u0442\u043e\u044e \u0437\u043d\u0430\u0439\u0448\u043b\u0430 \u0435\u0444\u0435\u043a\u0442\u0438\u0432\u043d\u0435 \u043a\u043e\u043c\u043f\u043b\u0435\u043a\u0441\u043d\u0435 \u0440\u0456\u0448\u0435\u043d\u043d\u044f, \u044f\u043a\u0435 \u0437\u0433\u043e\u0434\u043e\u043c \u0432\u0442\u0456\u043b\u0438\u043b\u043e\u0441\u044f \u0443 \u043e\u0440\u0438\u0433\u0456\u043d\u0430\u043b\u044c\u043d\u0456\u0439, \u0437\u0430\u043f\u0430\u0442\u0435\u043d\u0442\u043e\u0432\u0430\u043d\u0456\u0439 \u043a\u043e\u043d\u0441\u0442\u0440\u0443\u043a\u0446\u0456\u0457 \"\u0421\u0406\u0427-\u0422\u0443\u0440\u043d\u0456\u043a\u0435\u0442\". \u0421\u0456\u0447 - \u0441\u0438\u043c\u0432\u043e\u043b \u0441\u0438\u043b\u0438 \u0423\u043a\u0440\u0430\u0457\u043d\u0438. \u0421\u0430\u043c\u0435 \u0442\u043e\u043c\u0443 \u043d\u0430\u0448\u0430 \u043a\u043e\u043c\u043f\u0430\u043d\u0456\u044f \u0432\u0437\u044f\u043b\u0430 \u0441\u043e\u0431\u0456 \u0446\u044e \u0441\u0438\u043b\u044c\u043d\u0443 \u0456 \u0437\u0430\u0433\u0430\u0440\u0442\u043e\u0432\u0430\u043d\u0443 \u043f\u0435\u0440\u0435\u043c\u043e\u0433\u0430\u043c\u0438 \u043d\u0430\u0437\u0432\u0443! \u0417\u0430\u0433\u0430\u043b\u043e\u043c \u0456\u0441\u0442\u043e\u0440\u0456\u044f \u201c\u0421\u0406\u0427-\u0422\u0443\u0440\u043d\u0456\u043a\u0435\u0442\u0443\u201d \u2013 \u0446\u0435 \u0456\u0441\u0442\u043e\u0440\u0456\u044f \u043e\u0431\u2019\u0454\u0434\u043d\u0430\u043d\u043d\u044f \u0432\u0435\u043b\u0438\u043a\u043e\u0457 \u043a\u0456\u043b\u044c\u043a\u043e\u0441\u0442\u0456 \u043b\u044e\u0434\u0435\u0439, \u043a\u043e\u043c\u0430\u043d\u0434\u0438 \u043a\u043e\u043d\u0441\u0442\u0440\u0443\u043a\u0442\u043e\u0440\u0456\u0432, \u043c\u0435\u0434\u0438\u043a\u0456\u0432, \u0432\u0456\u0439\u0441\u044c\u043a\u043e\u0432\u0438\u0445, \u0432\u043e\u043b\u043e\u043d\u0442\u0435\u0440\u0456\u0432, \u0437\u0430\u0440\u0430\u0434\u0438 \u0432\u0438\u0441\u043e\u043a\u043e\u0457 \u043c\u0435\u0442\u0438 \u2013 \u043f\u043e\u0440\u044f\u0442\u0443\u043d\u043a\u0443 \u043b\u044e\u0434\u0441\u044c\u043a\u043e\u0433\u043e \u0436\u0438\u0442\u0442\u044f.","_et_gb_content_width":"","footnotes":""},"class_list":["post-54","page","type-page","status-publish","hentry"],"yoast_head":"<!-- This site is optimized with the Yoast SEO plugin v23.2 - https:\/\/yoast.com\/wordpress\/plugins\/seo\/ -->\n<title>\u00c0 propos de la soci\u00e9t\u00e9 - Sich<\/title>\n<meta name=\"robots\" content=\"index, follow, max-snippet:-1, max-image-preview:large, max-video-preview:-1\" \/>\n<link rel=\"canonical\" href=\"https:\/\/sichmedical.com\/fr\/sich-ukraine\/\" \/>\n<meta property=\"og:locale\" content=\"ru_RU\" \/>\n<meta property=\"og:type\" content=\"article\" \/>\n<meta property=\"og:title\" content=\"\u00c0 propos de la soci\u00e9t\u00e9 - Sich\" \/>\n<meta property=\"og:description\" content=\"[et_pb_section fb_built=&#187;1&#8243; _builder_version=&#187;3.22&#8243;][et_pb_row module_class=&#187;text-block&#187; _builder_version=&#187;3.25&#8243; custom_padding=&#187;||0px|&#187;][et_pb_column type=&#187;4_4&#8243; _builder_version=&#187;3.25&#8243; custom_padding=&#187;||0px|&#187; custom_padding__hover=&#187;|||&#187;][et_pb_text module_class=&#187;text-block&#187; _builder_version=&#187;4.9.4&#8243;] SOCI\u00c9T\u00c9 \u201cSICH Ukraine\u201d [\/et_pb_text][\/et_pb_column][\/et_pb_row][et_pb_row custom_padding_last_edited=&#187;on|phone&#187; module_class=&#187;text-block&#187; _builder_version=&#187;3.25&#8243; custom_margin=&#187;||0px|&#187; custom_padding=&#187;0px||0px|&#187; custom_padding_tablet=&#187;&#187; custom_padding_phone=&#187;|10px||10px&#187;][et_pb_column type=&#187;4_4&#8243; _builder_version=&#187;3.25&#8243; custom_padding=&#187;|||&#187; custom_padding__hover=&#187;|||&#187;][et_pb_text _builder_version=&#187;4.9.4&#8243; text_font=&#187;||||||||&#187; hover_enabled=&#187;0&#8243; sticky_enabled=&#187;0&#8243;] Premier fabricant ukrainien de garrots &#171;SICH-Tourniquet&#187; &#8212; l&#8217;outil num\u00e9ro un des kits de premiers secours civils et militaires modernes. Fournisseur officiel du minist\u00e8re de [&hellip;]\" \/>\n<meta property=\"og:url\" content=\"https:\/\/sichmedical.com\/fr\/sich-ukraine\/\" \/>\n<meta property=\"og:site_name\" content=\"Sich\" \/>\n<meta property=\"article:modified_time\" content=\"2023-04-29T18:59:13+00:00\" \/>\n<meta name=\"twitter:card\" content=\"summary_large_image\" \/>\n<meta name=\"twitter:label1\" content=\"\u041f\u0440\u0438\u043c\u0435\u0440\u043d\u043e\u0435 \u0432\u0440\u0435\u043c\u044f \u0434\u043b\u044f \u0447\u0442\u0435\u043d\u0438\u044f\" \/>\n\t<meta name=\"twitter:data1\" content=\"2 \u043c\u0438\u043d\u0443\u0442\u044b\" \/>\n<script type=\"application\/ld+json\" class=\"yoast-schema-graph\">{\"@context\":\"https:\/\/schema.org\",\"@graph\":[{\"@type\":\"WebPage\",\"@id\":\"https:\/\/sichmedical.com\/fr\/sich-ukraine\/\",\"url\":\"https:\/\/sichmedical.com\/fr\/sich-ukraine\/\",\"name\":\"\u00c0 propos de la soci\u00e9t\u00e9 - Sich\",\"isPartOf\":{\"@id\":\"https:\/\/sichmedical.com\/fr\/#website\"},\"datePublished\":\"2017-10-03T09:29:08+00:00\",\"dateModified\":\"2023-04-29T18:59:13+00:00\",\"breadcrumb\":{\"@id\":\"https:\/\/sichmedical.com\/fr\/sich-ukraine\/#breadcrumb\"},\"inLanguage\":\"ru-RU\",\"potentialAction\":[{\"@type\":\"ReadAction\",\"target\":[\"https:\/\/sichmedical.com\/fr\/sich-ukraine\/\"]}]},{\"@type\":\"BreadcrumbList\",\"@id\":\"https:\/\/sichmedical.com\/fr\/sich-ukraine\/#breadcrumb\",\"itemListElement\":[{\"@type\":\"ListItem\",\"position\":1,\"name\":\"\u0413\u043b\u0430\u0432\u043d\u0430\u044f \u0441\u0442\u0440\u0430\u043d\u0438\u0446\u0430\",\"item\":\"https:\/\/sichmedical.com\/fr\/\"},{\"@type\":\"ListItem\",\"position\":2,\"name\":\"\u00c0 propos de la soci\u00e9t\u00e9\"}]},{\"@type\":\"WebSite\",\"@id\":\"https:\/\/sichmedical.com\/fr\/#website\",\"url\":\"https:\/\/sichmedical.com\/fr\/\",\"name\":\"Sich\",\"description\":\"Sich\",\"potentialAction\":[{\"@type\":\"SearchAction\",\"target\":{\"@type\":\"EntryPoint\",\"urlTemplate\":\"https:\/\/sichmedical.com\/fr\/?s={search_term_string}\"},\"query-input\":\"required name=search_term_string\"}],\"inLanguage\":\"ru-RU\"}]}<\/script>\n<!-- \/ Yoast SEO plugin. -->","yoast_head_json":{"title":"\u00c0 propos de la soci\u00e9t\u00e9 - Sich","robots":{"index":"index","follow":"follow","max-snippet":"max-snippet:-1","max-image-preview":"max-image-preview:large","max-video-preview":"max-video-preview:-1"},"canonical":"https:\/\/sichmedical.com\/fr\/sich-ukraine\/","og_locale":"ru_RU","og_type":"article","og_title":"\u00c0 propos de la soci\u00e9t\u00e9 - Sich","og_description":"[et_pb_section fb_built=&#187;1&#8243; _builder_version=&#187;3.22&#8243;][et_pb_row module_class=&#187;text-block&#187; _builder_version=&#187;3.25&#8243; custom_padding=&#187;||0px|&#187;][et_pb_column type=&#187;4_4&#8243; _builder_version=&#187;3.25&#8243; custom_padding=&#187;||0px|&#187; custom_padding__hover=&#187;|||&#187;][et_pb_text module_class=&#187;text-block&#187; _builder_version=&#187;4.9.4&#8243;] SOCI\u00c9T\u00c9 \u201cSICH Ukraine\u201d [\/et_pb_text][\/et_pb_column][\/et_pb_row][et_pb_row custom_padding_last_edited=&#187;on|phone&#187; module_class=&#187;text-block&#187; _builder_version=&#187;3.25&#8243; custom_margin=&#187;||0px|&#187; custom_padding=&#187;0px||0px|&#187; custom_padding_tablet=&#187;&#187; custom_padding_phone=&#187;|10px||10px&#187;][et_pb_column type=&#187;4_4&#8243; _builder_version=&#187;3.25&#8243; custom_padding=&#187;|||&#187; custom_padding__hover=&#187;|||&#187;][et_pb_text _builder_version=&#187;4.9.4&#8243; text_font=&#187;||||||||&#187; hover_enabled=&#187;0&#8243; sticky_enabled=&#187;0&#8243;] Premier fabricant ukrainien de garrots &#171;SICH-Tourniquet&#187; &#8212; l&#8217;outil num\u00e9ro un des kits de premiers secours civils et militaires modernes. Fournisseur officiel du minist\u00e8re de [&hellip;]","og_url":"https:\/\/sichmedical.com\/fr\/sich-ukraine\/","og_site_name":"Sich","article_modified_time":"2023-04-29T18:59:13+00:00","twitter_card":"summary_large_image","twitter_misc":{"\u041f\u0440\u0438\u043c\u0435\u0440\u043d\u043e\u0435 \u0432\u0440\u0435\u043c\u044f \u0434\u043b\u044f \u0447\u0442\u0435\u043d\u0438\u044f":"2 \u043c\u0438\u043d\u0443\u0442\u044b"},"schema":{"@context":"https:\/\/schema.org","@graph":[{"@type":"WebPage","@id":"https:\/\/sichmedical.com\/fr\/sich-ukraine\/","url":"https:\/\/sichmedical.com\/fr\/sich-ukraine\/","name":"\u00c0 propos de la soci\u00e9t\u00e9 - Sich","isPartOf":{"@id":"https:\/\/sichmedical.com\/fr\/#website"},"datePublished":"2017-10-03T09:29:08+00:00","dateModified":"2023-04-29T18:59:13+00:00","breadcrumb":{"@id":"https:\/\/sichmedical.com\/fr\/sich-ukraine\/#breadcrumb"},"inLanguage":"ru-RU","potentialAction":[{"@type":"ReadAction","target":["https:\/\/sichmedical.com\/fr\/sich-ukraine\/"]}]},{"@type":"BreadcrumbList","@id":"https:\/\/sichmedical.com\/fr\/sich-ukraine\/#breadcrumb","itemListElement":[{"@type":"ListItem","position":1,"name":"\u0413\u043b\u0430\u0432\u043d\u0430\u044f \u0441\u0442\u0440\u0430\u043d\u0438\u0446\u0430","item":"https:\/\/sichmedical.com\/fr\/"},{"@type":"ListItem","position":2,"name":"\u00c0 propos de la soci\u00e9t\u00e9"}]},{"@type":"WebSite","@id":"https:\/\/sichmedical.com\/fr\/#website","url":"https:\/\/sichmedical.com\/fr\/","name":"Sich","description":"Sich","potentialAction":[{"@type":"SearchAction","target":{"@type":"EntryPoint","urlTemplate":"https:\/\/sichmedical.com\/fr\/?s={search_term_string}"},"query-input":"required name=search_term_string"}],"inLanguage":"ru-RU"}]}},"_links":{"self":[{"href":"https:\/\/sichmedical.com\/fr\/wp-json\/wp\/v2\/pages\/54"}],"collection":[{"href":"https:\/\/sichmedical.com\/fr\/wp-json\/wp\/v2\/pages"}],"about":[{"href":"https:\/\/sichmedical.com\/fr\/wp-json\/wp\/v2\/types\/page"}],"author":[{"embeddable":true,"href":"https:\/\/sichmedical.com\/fr\/wp-json\/wp\/v2\/users\/1"}],"replies":[{"embeddable":true,"href":"https:\/\/sichmedical.com\/fr\/wp-json\/wp\/v2\/comments?post=54"}],"version-history":[{"count":30,"href":"https:\/\/sichmedical.com\/fr\/wp-json\/wp\/v2\/pages\/54\/revisions"}],"predecessor-version":[{"id":2223,"href":"https:\/\/sichmedical.com\/fr\/wp-json\/wp\/v2\/pages\/54\/revisions\/2223"}],"wp:attachment":[{"href":"https:\/\/sichmedical.com\/fr\/wp-json\/wp\/v2\/media?parent=54"}],"curies":[{"name":"wp","href":"https:\/\/api.w.org\/{rel}","templated":true}]}}