{"id":1380,"date":"2018-02-14T11:04:42","date_gmt":"2018-02-14T08:04:42","guid":{"rendered":"http:\/\/tr.lotussoft.biz\/?page_id=1380"},"modified":"2021-04-27T21:07:15","modified_gmt":"2021-04-27T18:07:15","slug":"turniket","status":"publish","type":"page","link":"https:\/\/sichmedical.com\/fr\/turniket\/","title":{"rendered":"Tourniquet"},"content":{"rendered":"<p>[et_pb_section fb_built=&#187;1&#8243; _builder_version=&#187;3.22&#8243;][et_pb_row module_class=&#187;text-block&#187; _builder_version=&#187;3.25&#8243;][et_pb_column type=&#187;4_4&#8243; _builder_version=&#187;3.25&#8243; custom_padding=&#187;|||&#187; custom_padding__hover=&#187;|||&#187;][et_pb_text _builder_version=&#187;4.9.4&#8243; hover_enabled=&#187;0&#8243; sticky_enabled=&#187;0&#8243;]<\/p>\n<div class=\"intro-contacts\">\n<h1>SICH-TOURNIQUET A DES AVANTAGES UNIQUES QUI SURPASSENT LES ANALOGUES<\/h1>\n<\/div>\n<p>[\/et_pb_text][et_pb_image src=&#187;https:\/\/sich.ua\/wp-content\/uploads\/2017\/10\/slide2-1.jpg&#187; alt=&#187;\u043a\u0440\u043e\u0432\u043e\u0441\u043f\u0438\u043d\u043d\u0438\u0439 \u0434\u0436\u0433\u0443\u0442&#187; show_in_lightbox=&#187;on&#187; align_tablet=&#187;center&#187; align_phone=&#187;&#187; align_last_edited=&#187;on|desktop&#187; _builder_version=&#187;3.23&#8243;]\u00a0<br \/>\n[\/et_pb_image][\/et_pb_column][\/et_pb_row][et_pb_row column_structure=&#187;1_2,1_2&#8243; module_class=&#187;properties&#187; _builder_version=&#187;3.25&#8243;][et_pb_column type=&#187;1_2&#8243; _builder_version=&#187;3.25&#8243; custom_padding=&#187;|||&#187; custom_padding__hover=&#187;|||&#187;][et_pb_text module_class=&#187;mobile-tablet&#187; _builder_version=&#187;3.27.4&#8243;]<\/p>\n<h3>METAL FITMENTS<\/h3>\n<p>[\/et_pb_text][et_pb_text module_class=&#187;mobile-tablet&#187; _builder_version=&#187;3.27.4&#8243;]Light but rather resistant duraluminum fitment can stand extreme working loads. [\/et_pb_text][et_pb_image src=&#187;https:\/\/sich.ua\/wp-content\/uploads\/2018\/02\/image1.jpg&#187; show_in_lightbox=&#187;on&#187; align_tablet=&#187;center&#187; align_phone=&#187;&#187; align_last_edited=&#187;on|desktop&#187; _builder_version=&#187;3.23&#8243;]\u00a0<br \/>\n[\/et_pb_image][et_pb_text module_class=&#187;desktop-only&#187; _builder_version=&#187;4.9.4&#8243; hover_enabled=&#187;0&#8243; sticky_enabled=&#187;0&#8243;]<\/p>\n<h3>RACCORDS M\u00c9TALLIQUES<\/h3>\n<p>[\/et_pb_text][et_pb_text module_class=&#187;desktop-only&#187; _builder_version=&#187;4.9.4&#8243; hover_enabled=&#187;0&#8243; sticky_enabled=&#187;0&#8243;]<\/p>\n<p>Les raccords en duralumin l\u00e9gers mais durables peuvent r\u00e9sister \u00e0 un effort physique extr\u00eame.<\/p>\n<p>[\/et_pb_text][\/et_pb_column][et_pb_column type=&#187;1_2&#8243; _builder_version=&#187;3.25&#8243; custom_padding=&#187;|||&#187; custom_padding__hover=&#187;|||&#187;][et_pb_text module_class=&#187;mobile-tablet&#187; _builder_version=&#187;3.27.4&#8243;]<\/p>\n<h3>NO ENJURIES<\/h3>\n<p>[\/et_pb_text][et_pb_text module_class=&#187;mobile-tablet&#187; _builder_version=&#187;3.27.4&#8243; header_font=&#187;||||||||&#187;]Soft coating + integral buckle and platform + incorporated patented telescopic mechanism prevent from soft tissues pinching and from their atrophy, if the tourniquet is applied. [\/et_pb_text][et_pb_image src=&#187;https:\/\/sich.ua\/wp-content\/uploads\/2018\/02\/image2.jpg&#187; show_in_lightbox=&#187;on&#187; align_tablet=&#187;center&#187; align_phone=&#187;&#187; align_last_edited=&#187;on|desktop&#187; _builder_version=&#187;3.23&#8243;]\u00a0<br \/>\n[\/et_pb_image][et_pb_text module_class=&#187;desktop-only&#187; _builder_version=&#187;4.9.4&#8243; hover_enabled=&#187;0&#8243; sticky_enabled=&#187;0&#8243;]<\/p>\n<h3>PAS DE BLESSURES<\/h3>\n<p>[\/et_pb_text][et_pb_text module_class=&#187;desktop-only&#187; _builder_version=&#187;4.9.4&#8243; hover_enabled=&#187;0&#8243; sticky_enabled=&#187;0&#8243;]<\/p>\n<p>Mati\u00e8re souple + boucle et plateforme monobloc + m\u00e9canisme t\u00e9lescopique brevet\u00e9 \u00e0 l&#8217;int\u00e9rieur, \u00e9vite tout pincement des tissus mous et leur atrophie lors de l&#8217;application du tourniquet.<\/p>\n<p>[\/et_pb_text][\/et_pb_column][\/et_pb_row][et_pb_row column_structure=&#187;1_2,1_2&#8243; module_class=&#187;properties&#187; _builder_version=&#187;3.25&#8243;][et_pb_column type=&#187;1_2&#8243; _builder_version=&#187;3.25&#8243; custom_padding=&#187;|||&#187; custom_padding__hover=&#187;|||&#187;][et_pb_text module_class=&#187;mobile-tablet&#187; _builder_version=&#187;3.27.4&#8243;]<\/p>\n<h3>TRIANGLE FOR FIXING<\/h3>\n<p>[\/et_pb_text][et_pb_text module_class=&#187;mobile-tablet&#187; _builder_version=&#187;3.27.4&#8243;]Our special patented form of triangle enables quickly and securely to fix the stick and the tail of the rope. [\/et_pb_text][et_pb_image src=&#187;https:\/\/sich.ua\/wp-content\/uploads\/2018\/02\/image3.jpg&#187; show_in_lightbox=&#187;on&#187; align_tablet=&#187;center&#187; align_phone=&#187;&#187; align_last_edited=&#187;on|desktop&#187; _builder_version=&#187;3.23&#8243;]\u00a0<br \/>\n[\/et_pb_image][et_pb_text module_class=&#187;desktop-only&#187; _builder_version=&#187;4.9.4&#8243; hover_enabled=&#187;0&#8243; sticky_enabled=&#187;0&#8243;]<\/p>\n<h3>TRIANGLE POUR LA FIXATION<\/h3>\n<p>[\/et_pb_text][et_pb_text module_class=&#187;desktop-only&#187; _builder_version=&#187;4.9.4&#8243; hover_enabled=&#187;0&#8243; sticky_enabled=&#187;0&#8243;]<\/p>\n<p>La forme sp\u00e9ciale et brevet\u00e9e en triangle permet de fixer le b\u00e2ton et l&#8217;extr\u00e9mit\u00e9 libre du ruban rapidement et de mani\u00e8re fiable.<\/p>\n<p>[\/et_pb_text][\/et_pb_column][et_pb_column type=&#187;1_2&#8243; _builder_version=&#187;3.25&#8243; custom_padding=&#187;|||&#187; custom_padding__hover=&#187;|||&#187;][et_pb_text module_class=&#187;mobile-tablet&#187; _builder_version=&#187;3.27.4&#8243;]<\/p>\n<h3>ERGONOMICS<\/h3>\n<p>[\/et_pb_text][et_pb_text module_class=&#187;mobile-tablet&#187; _builder_version=&#187;3.27.4&#8243;]No any extra millimeter. The optimal size of the platform and its holder selected an result of numerous tests conducted under extreme conditions. Maximum square area and force of holder blocking compared with other tourniquets. [\/et_pb_text][et_pb_image src=&#187;https:\/\/sich.ua\/wp-content\/uploads\/2018\/02\/image4.jpg&#187; show_in_lightbox=&#187;on&#187; align_tablet=&#187;center&#187; align_phone=&#187;&#187; align_last_edited=&#187;on|desktop&#187; _builder_version=&#187;3.23&#8243;]\u00a0<br \/>\n[\/et_pb_image][et_pb_text module_class=&#187;desktop-only&#187; _builder_version=&#187;4.9.4&#8243; hover_enabled=&#187;0&#8243; sticky_enabled=&#187;0&#8243;]<\/p>\n<h3>ERGONOMIE<\/h3>\n<p>[\/et_pb_text][et_pb_text module_class=&#187;desktop-only&#187; _builder_version=&#187;4.9.4&#8243; hover_enabled=&#187;0&#8243; sticky_enabled=&#187;0&#8243;]<\/p>\n<p>Pas de millim\u00e8tres suppl\u00e9mentaires. La taille optimale de la plate-forme et du col, s\u00e9lectionn\u00e9e \u00e0 la suite de nombreux tests dans des conditions extr\u00eames. Surface et force maximales du blocage du flux sanguin, par rapport aux autres tourniquets.<\/p>\n<p>[\/et_pb_text][\/et_pb_column][\/et_pb_row][et_pb_row column_structure=&#187;1_2,1_2&#8243; module_class=&#187;properties&#187; _builder_version=&#187;3.25&#8243;][et_pb_column type=&#187;1_2&#8243; _builder_version=&#187;3.25&#8243; custom_padding=&#187;|||&#187; custom_padding__hover=&#187;|||&#187;][et_pb_text module_class=&#187;mobile-tablet&#187; _builder_version=&#187;3.27.4&#8243;]<\/p>\n<h3>ROPE FOR MARKING<\/h3>\n<p>[\/et_pb_text][et_pb_text module_class=&#187;mobile-tablet&#187; _builder_version=&#187;3.27.4&#8243;]Due to special grey coating it is possible to make markings with any sharp object (bullet cartridge, nail, etc.) [\/et_pb_text][et_pb_image src=&#187;https:\/\/sich.ua\/wp-content\/uploads\/2018\/02\/image5.jpg&#187; show_in_lightbox=&#187;on&#187; align_tablet=&#187;center&#187; align_phone=&#187;&#187; align_last_edited=&#187;on|desktop&#187; _builder_version=&#187;3.23&#8243;]\u00a0<br \/>\n[\/et_pb_image][et_pb_text module_class=&#187;desktop-only&#187; _builder_version=&#187;4.9.4&#8243; hover_enabled=&#187;0&#8243; sticky_enabled=&#187;0&#8243;]<\/p>\n<h3>RUBAN DE MARQUAGE<\/h3>\n<p>[\/et_pb_text][et_pb_text module_class=&#187;desktop-only&#187; _builder_version=&#187;4.9.4&#8243; hover_enabled=&#187;0&#8243; sticky_enabled=&#187;0&#8243;]<\/p>\n<p>Le spray gris sp\u00e9cial vous permet de faire des marquages \u200b\u200bm\u00eame en l&#8217;absence de marqueur, en utilisant n&#8217;importe quel objet pointu (cartouche, ongle, etc.)<\/p>\n<p>[\/et_pb_text][\/et_pb_column][et_pb_column type=&#187;1_2&#8243; _builder_version=&#187;3.25&#8243; custom_padding=&#187;|||&#187; custom_padding__hover=&#187;|||&#187;][et_pb_text module_class=&#187;mobile-tablet&#187; _builder_version=&#187;3.27.4&#8243;]<\/p>\n<h3>EXTRASTRONG STICKING TECHNOLOGY<\/h3>\n<p>[\/et_pb_text][et_pb_text module_class=&#187;mobile-tablet&#187; _builder_version=&#187;3.27.4&#8243;]Special patented technology ensures extra strong sticking of the tape and its secure and effective operation at any state, being wet, snow-covered, dirty, in frost and heat. [\/et_pb_text][et_pb_image src=&#187;https:\/\/sich.ua\/wp-content\/uploads\/2018\/02\/image6.jpg&#187; show_in_lightbox=&#187;on&#187; align_tablet=&#187;center&#187; align_phone=&#187;&#187; align_last_edited=&#187;on|desktop&#187; _builder_version=&#187;3.23&#8243;]\u00a0<br \/>\n[\/et_pb_image][et_pb_text module_class=&#187;desktop-only&#187; _builder_version=&#187;4.9.4&#8243; hover_enabled=&#187;0&#8243; sticky_enabled=&#187;0&#8243;]<\/p>\n<h3>TECHNOLOGIE ADH\u00c9SIVE EXTRAORDINAIRE<\/h3>\n<p>[\/et_pb_text][et_pb_text module_class=&#187;desktop-only&#187; _builder_version=&#187;4.9.4&#8243; hover_enabled=&#187;0&#8243; sticky_enabled=&#187;0&#8243;]<\/p>\n<p>La technologie sp\u00e9ciale et brevet\u00e9e permet un collage \u00e0 haute r\u00e9sistance d&#8217;un ruban et son travail garanti dans des conditions humides, enneig\u00e9es, pollu\u00e9es, par temps de gel et de chaleur.<\/p>\n<p>[\/et_pb_text][\/et_pb_column][\/et_pb_row][\/et_pb_section][et_pb_section fb_built=&#187;1&#8243; fullwidth=&#187;on&#187; _builder_version=&#187;3.22&#8243;][\/et_pb_section]<\/p>\n","protected":false},"excerpt":{"rendered":"<p>[et_pb_section fb_built=&#187;1&#8243; _builder_version=&#187;3.22&#8243;][et_pb_row module_class=&#187;text-block&#187; _builder_version=&#187;3.25&#8243;][et_pb_column type=&#187;4_4&#8243; _builder_version=&#187;3.25&#8243; custom_padding=&#187;|||&#187; custom_padding__hover=&#187;|||&#187;][et_pb_text _builder_version=&#187;4.9.4&#8243; hover_enabled=&#187;0&#8243; sticky_enabled=&#187;0&#8243;] SICH-TOURNIQUET A DES AVANTAGES UNIQUES QUI SURPASSENT LES ANALOGUES [\/et_pb_text][et_pb_image src=&#187;https:\/\/sich.ua\/wp-content\/uploads\/2017\/10\/slide2-1.jpg&#187; alt=&#187;\u043a\u0440\u043e\u0432\u043e\u0441\u043f\u0438\u043d\u043d\u0438\u0439 \u0434\u0436\u0433\u0443\u0442&#187; show_in_lightbox=&#187;on&#187; align_tablet=&#187;center&#187; align_phone=&#187;&#187; align_last_edited=&#187;on|desktop&#187; _builder_version=&#187;3.23&#8243;]\u00a0 [\/et_pb_image][\/et_pb_column][\/et_pb_row][et_pb_row column_structure=&#187;1_2,1_2&#8243; module_class=&#187;properties&#187; _builder_version=&#187;3.25&#8243;][et_pb_column type=&#187;1_2&#8243; _builder_version=&#187;3.25&#8243; custom_padding=&#187;|||&#187; custom_padding__hover=&#187;|||&#187;][et_pb_text module_class=&#187;mobile-tablet&#187; _builder_version=&#187;3.27.4&#8243;] METAL FITMENTS [\/et_pb_text][et_pb_text module_class=&#187;mobile-tablet&#187; _builder_version=&#187;3.27.4&#8243;]Light but rather resistant duraluminum fitment can stand extreme working loads. [&hellip;]<\/p>\n","protected":false},"author":1,"featured_media":0,"parent":0,"menu_order":0,"comment_status":"closed","ping_status":"closed","template":"","meta":{"_et_pb_use_builder":"on","_et_pb_old_content":"","_et_gb_content_width":"","footnotes":""},"class_list":["post-1380","page","type-page","status-publish","hentry"],"yoast_head":"<!-- This site is optimized with the Yoast SEO plugin v23.2 - https:\/\/yoast.com\/wordpress\/plugins\/seo\/ -->\n<title>Tourniquet - Sich<\/title>\n<meta name=\"robots\" content=\"index, follow, max-snippet:-1, max-image-preview:large, max-video-preview:-1\" \/>\n<link rel=\"canonical\" href=\"https:\/\/sichmedical.com\/fr\/turniket\/\" \/>\n<meta property=\"og:locale\" content=\"ru_RU\" \/>\n<meta property=\"og:type\" content=\"article\" \/>\n<meta property=\"og:title\" content=\"Tourniquet - Sich\" \/>\n<meta property=\"og:description\" content=\"[et_pb_section fb_built=&#187;1&#8243; _builder_version=&#187;3.22&#8243;][et_pb_row module_class=&#187;text-block&#187; _builder_version=&#187;3.25&#8243;][et_pb_column type=&#187;4_4&#8243; _builder_version=&#187;3.25&#8243; custom_padding=&#187;|||&#187; custom_padding__hover=&#187;|||&#187;][et_pb_text _builder_version=&#187;4.9.4&#8243; hover_enabled=&#187;0&#8243; sticky_enabled=&#187;0&#8243;] SICH-TOURNIQUET A DES AVANTAGES UNIQUES QUI SURPASSENT LES ANALOGUES [\/et_pb_text][et_pb_image src=&#187;https:\/\/sich.ua\/wp-content\/uploads\/2017\/10\/slide2-1.jpg&#187; alt=&#187;\u043a\u0440\u043e\u0432\u043e\u0441\u043f\u0438\u043d\u043d\u0438\u0439 \u0434\u0436\u0433\u0443\u0442&#187; show_in_lightbox=&#187;on&#187; align_tablet=&#187;center&#187; align_phone=&#187;&#187; align_last_edited=&#187;on|desktop&#187; _builder_version=&#187;3.23&#8243;]\u00a0 [\/et_pb_image][\/et_pb_column][\/et_pb_row][et_pb_row column_structure=&#187;1_2,1_2&#8243; module_class=&#187;properties&#187; _builder_version=&#187;3.25&#8243;][et_pb_column type=&#187;1_2&#8243; _builder_version=&#187;3.25&#8243; custom_padding=&#187;|||&#187; custom_padding__hover=&#187;|||&#187;][et_pb_text module_class=&#187;mobile-tablet&#187; _builder_version=&#187;3.27.4&#8243;] METAL FITMENTS [\/et_pb_text][et_pb_text module_class=&#187;mobile-tablet&#187; _builder_version=&#187;3.27.4&#8243;]Light but rather resistant duraluminum fitment can stand extreme working loads. [&hellip;]\" \/>\n<meta property=\"og:url\" content=\"https:\/\/sichmedical.com\/fr\/turniket\/\" \/>\n<meta property=\"og:site_name\" content=\"Sich\" \/>\n<meta property=\"article:modified_time\" content=\"2021-04-27T18:07:15+00:00\" \/>\n<meta name=\"twitter:card\" content=\"summary_large_image\" \/>\n<meta name=\"twitter:label1\" content=\"\u041f\u0440\u0438\u043c\u0435\u0440\u043d\u043e\u0435 \u0432\u0440\u0435\u043c\u044f \u0434\u043b\u044f \u0447\u0442\u0435\u043d\u0438\u044f\" \/>\n\t<meta name=\"twitter:data1\" content=\"3 \u043c\u0438\u043d\u0443\u0442\u044b\" \/>\n<script type=\"application\/ld+json\" class=\"yoast-schema-graph\">{\"@context\":\"https:\/\/schema.org\",\"@graph\":[{\"@type\":\"WebPage\",\"@id\":\"https:\/\/sichmedical.com\/fr\/turniket\/\",\"url\":\"https:\/\/sichmedical.com\/fr\/turniket\/\",\"name\":\"Tourniquet - Sich\",\"isPartOf\":{\"@id\":\"https:\/\/sichmedical.com\/fr\/#website\"},\"datePublished\":\"2018-02-14T08:04:42+00:00\",\"dateModified\":\"2021-04-27T18:07:15+00:00\",\"breadcrumb\":{\"@id\":\"https:\/\/sichmedical.com\/fr\/turniket\/#breadcrumb\"},\"inLanguage\":\"ru-RU\",\"potentialAction\":[{\"@type\":\"ReadAction\",\"target\":[\"https:\/\/sichmedical.com\/fr\/turniket\/\"]}]},{\"@type\":\"BreadcrumbList\",\"@id\":\"https:\/\/sichmedical.com\/fr\/turniket\/#breadcrumb\",\"itemListElement\":[{\"@type\":\"ListItem\",\"position\":1,\"name\":\"\u0413\u043b\u0430\u0432\u043d\u0430\u044f \u0441\u0442\u0440\u0430\u043d\u0438\u0446\u0430\",\"item\":\"https:\/\/sichmedical.com\/fr\/\"},{\"@type\":\"ListItem\",\"position\":2,\"name\":\"Tourniquet\"}]},{\"@type\":\"WebSite\",\"@id\":\"https:\/\/sichmedical.com\/fr\/#website\",\"url\":\"https:\/\/sichmedical.com\/fr\/\",\"name\":\"Sich\",\"description\":\"Sich\",\"potentialAction\":[{\"@type\":\"SearchAction\",\"target\":{\"@type\":\"EntryPoint\",\"urlTemplate\":\"https:\/\/sichmedical.com\/fr\/?s={search_term_string}\"},\"query-input\":\"required name=search_term_string\"}],\"inLanguage\":\"ru-RU\"}]}<\/script>\n<!-- \/ Yoast SEO plugin. -->","yoast_head_json":{"title":"Tourniquet - Sich","robots":{"index":"index","follow":"follow","max-snippet":"max-snippet:-1","max-image-preview":"max-image-preview:large","max-video-preview":"max-video-preview:-1"},"canonical":"https:\/\/sichmedical.com\/fr\/turniket\/","og_locale":"ru_RU","og_type":"article","og_title":"Tourniquet - Sich","og_description":"[et_pb_section fb_built=&#187;1&#8243; _builder_version=&#187;3.22&#8243;][et_pb_row module_class=&#187;text-block&#187; _builder_version=&#187;3.25&#8243;][et_pb_column type=&#187;4_4&#8243; _builder_version=&#187;3.25&#8243; custom_padding=&#187;|||&#187; custom_padding__hover=&#187;|||&#187;][et_pb_text _builder_version=&#187;4.9.4&#8243; hover_enabled=&#187;0&#8243; sticky_enabled=&#187;0&#8243;] SICH-TOURNIQUET A DES AVANTAGES UNIQUES QUI SURPASSENT LES ANALOGUES [\/et_pb_text][et_pb_image src=&#187;https:\/\/sich.ua\/wp-content\/uploads\/2017\/10\/slide2-1.jpg&#187; alt=&#187;\u043a\u0440\u043e\u0432\u043e\u0441\u043f\u0438\u043d\u043d\u0438\u0439 \u0434\u0436\u0433\u0443\u0442&#187; show_in_lightbox=&#187;on&#187; align_tablet=&#187;center&#187; align_phone=&#187;&#187; align_last_edited=&#187;on|desktop&#187; _builder_version=&#187;3.23&#8243;]\u00a0 [\/et_pb_image][\/et_pb_column][\/et_pb_row][et_pb_row column_structure=&#187;1_2,1_2&#8243; module_class=&#187;properties&#187; _builder_version=&#187;3.25&#8243;][et_pb_column type=&#187;1_2&#8243; _builder_version=&#187;3.25&#8243; custom_padding=&#187;|||&#187; custom_padding__hover=&#187;|||&#187;][et_pb_text module_class=&#187;mobile-tablet&#187; _builder_version=&#187;3.27.4&#8243;] METAL FITMENTS [\/et_pb_text][et_pb_text module_class=&#187;mobile-tablet&#187; _builder_version=&#187;3.27.4&#8243;]Light but rather resistant duraluminum fitment can stand extreme working loads. [&hellip;]","og_url":"https:\/\/sichmedical.com\/fr\/turniket\/","og_site_name":"Sich","article_modified_time":"2021-04-27T18:07:15+00:00","twitter_card":"summary_large_image","twitter_misc":{"\u041f\u0440\u0438\u043c\u0435\u0440\u043d\u043e\u0435 \u0432\u0440\u0435\u043c\u044f \u0434\u043b\u044f \u0447\u0442\u0435\u043d\u0438\u044f":"3 \u043c\u0438\u043d\u0443\u0442\u044b"},"schema":{"@context":"https:\/\/schema.org","@graph":[{"@type":"WebPage","@id":"https:\/\/sichmedical.com\/fr\/turniket\/","url":"https:\/\/sichmedical.com\/fr\/turniket\/","name":"Tourniquet - Sich","isPartOf":{"@id":"https:\/\/sichmedical.com\/fr\/#website"},"datePublished":"2018-02-14T08:04:42+00:00","dateModified":"2021-04-27T18:07:15+00:00","breadcrumb":{"@id":"https:\/\/sichmedical.com\/fr\/turniket\/#breadcrumb"},"inLanguage":"ru-RU","potentialAction":[{"@type":"ReadAction","target":["https:\/\/sichmedical.com\/fr\/turniket\/"]}]},{"@type":"BreadcrumbList","@id":"https:\/\/sichmedical.com\/fr\/turniket\/#breadcrumb","itemListElement":[{"@type":"ListItem","position":1,"name":"\u0413\u043b\u0430\u0432\u043d\u0430\u044f \u0441\u0442\u0440\u0430\u043d\u0438\u0446\u0430","item":"https:\/\/sichmedical.com\/fr\/"},{"@type":"ListItem","position":2,"name":"Tourniquet"}]},{"@type":"WebSite","@id":"https:\/\/sichmedical.com\/fr\/#website","url":"https:\/\/sichmedical.com\/fr\/","name":"Sich","description":"Sich","potentialAction":[{"@type":"SearchAction","target":{"@type":"EntryPoint","urlTemplate":"https:\/\/sichmedical.com\/fr\/?s={search_term_string}"},"query-input":"required name=search_term_string"}],"inLanguage":"ru-RU"}]}},"_links":{"self":[{"href":"https:\/\/sichmedical.com\/fr\/wp-json\/wp\/v2\/pages\/1380"}],"collection":[{"href":"https:\/\/sichmedical.com\/fr\/wp-json\/wp\/v2\/pages"}],"about":[{"href":"https:\/\/sichmedical.com\/fr\/wp-json\/wp\/v2\/types\/page"}],"author":[{"embeddable":true,"href":"https:\/\/sichmedical.com\/fr\/wp-json\/wp\/v2\/users\/1"}],"replies":[{"embeddable":true,"href":"https:\/\/sichmedical.com\/fr\/wp-json\/wp\/v2\/comments?post=1380"}],"version-history":[{"count":27,"href":"https:\/\/sichmedical.com\/fr\/wp-json\/wp\/v2\/pages\/1380\/revisions"}],"predecessor-version":[{"id":2210,"href":"https:\/\/sichmedical.com\/fr\/wp-json\/wp\/v2\/pages\/1380\/revisions\/2210"}],"wp:attachment":[{"href":"https:\/\/sichmedical.com\/fr\/wp-json\/wp\/v2\/media?parent=1380"}],"curies":[{"name":"wp","href":"https:\/\/api.w.org\/{rel}","templated":true}]}}