{"id":103,"date":"2017-10-03T16:04:02","date_gmt":"2017-10-03T13:04:02","guid":{"rendered":"http:\/\/tr.lotussoft.biz\/?page_id=103"},"modified":"2024-08-22T21:24:38","modified_gmt":"2024-08-22T18:24:38","slug":"kontakti","status":"publish","type":"page","link":"https:\/\/sichmedical.com\/fr\/kontakti\/","title":{"rendered":"Contacts"},"content":{"rendered":"<p>[et_pb_section fb_built=&#187;1&#8243; _builder_version=&#187;3.22&#8243; custom_margin=&#187;|||&#187; custom_padding=&#187;0px|||&#187;][et_pb_row module_class=&#187;text-block&#187; _builder_version=&#187;3.25&#8243; module_alignment=&#187;center&#187; custom_padding=&#187;|||&#187;][et_pb_column type=&#187;4_4&#8243; _builder_version=&#187;3.25&#8243; custom_padding=&#187;|||&#187; custom_padding__hover=&#187;|||&#187;][et_pb_text _builder_version=&#187;4.9.4&#8243; text_font=&#187;||||||||&#187; max_width_tablet=&#187;&#187; max_width_phone=&#187;&#187; max_width_last_edited=&#187;on|phone&#187; module_alignment=&#187;center&#187; custom_padding=&#187;|||&#187;]<\/p>\n<div class=\"intro-contacts\">\n<h1>CONTACTEZ-NOUS<\/h1>\n<p>Merci de votre int\u00e9r\u00eat pour la soci\u00e9t\u00e9 SICH. Si vous souhaitez faire part de votre avis sur notre produit, veuillez utiliser le formulaire. Si vous avez des questions, des commentaires ou des suggestions concernant notre site Web ou nos services, veuillez envoyer un e-mail \u00e0 <a href=\"mailto:info@sich.ua\">info@sich.ua<\/a> et nous vous contacterons dans les 24 heures suivant l&#8217;envoi de l&#8217;e-mail.<\/div>\n<p>[\/et_pb_text][\/et_pb_column][\/et_pb_row][et_pb_row _builder_version=&#187;3.25&#8243; custom_margin=&#187;0px||0px|&#187; custom_padding=&#187;0px||0px|&#187;][et_pb_column type=&#187;4_4&#8243; _builder_version=&#187;3.25&#8243; custom_padding=&#187;|||&#187; custom_padding__hover=&#187;|||&#187;][et_pb_code _builder_version=&#187;4.9.4&#8243; custom_margin=&#187;|0px||0px&#187; custom_padding=&#187;|0px||0px&#187; hover_enabled=&#187;0&#8243; sticky_enabled=&#187;0&#8243;]<\/p>\n<div class=\"contacts-row\"><!-- [et_pb_line_break_holder] --><\/p>\n<div class=\"contact-lcol\"><!-- [et_pb_line_break_holder] --><\/p>\n<h4><b>SICH Medical LLC<\/b><\/h4>\n<p><!-- [et_pb_line_break_holder] --><\/p>\n<div class=\"contacts-content\"><!-- [et_pb_line_break_holder] --><span><strong>t\u00e9l:<\/strong> +1 224 536 0392<\/span><!-- [et_pb_line_break_holder] --><span><strong>email:<\/strong> info.sichmedical@gmail.com <\/span><!-- [et_pb_line_break_holder] --><\/div>\n<p><!-- [et_pb_line_break_holder] --><pee>Tout au long de l&#8217;existence de la soci\u00e9t\u00e9, nous ne produisons pas seulement des garrots h\u00e9mostatiques de la plus haute qualit\u00e9. Nous mettons tout en \u0153uvre pour fournir \u00e0 nos clients un service de classe mondiale et apr\u00e8s l&#8217;achat de nos produits, une assistance et des conseils dans chaque cas. R\u00e9pondre syst\u00e9matiquement aux demandes des militaires, des m\u00e9decins et des volontaires, fournir un support technique et instructeur gratuit, fournir une livraison rapide des marchandises depuis l&#8217;entrep\u00f4t et garantir une qualit\u00e9 \u00e0 100%.<\/pee><!-- [et_pb_line_break_holder] --><\/div>\n<p><!-- [et_pb_line_break_holder] --><!-- [et_pb_line_break_holder] --><\/p>\n<div class=\"contact-rcol\"><!-- [et_pb_line_break_holder] --><!-- [et_pb_line_break_holder] --><\/div>\n<p><!-- [et_pb_line_break_holder] --><\/div>\n<p>[\/et_pb_code][\/et_pb_column][\/et_pb_row][\/et_pb_section]<\/p>\n","protected":false},"excerpt":{"rendered":"<p>[et_pb_section fb_built=&#187;1&#8243; _builder_version=&#187;3.22&#8243; custom_margin=&#187;|||&#187; custom_padding=&#187;0px|||&#187;][et_pb_row module_class=&#187;text-block&#187; _builder_version=&#187;3.25&#8243; module_alignment=&#187;center&#187; custom_padding=&#187;|||&#187;][et_pb_column type=&#187;4_4&#8243; _builder_version=&#187;3.25&#8243; custom_padding=&#187;|||&#187; custom_padding__hover=&#187;|||&#187;][et_pb_text _builder_version=&#187;4.9.4&#8243; text_font=&#187;||||||||&#187; max_width_tablet=&#187;&#187; max_width_phone=&#187;&#187; max_width_last_edited=&#187;on|phone&#187; module_alignment=&#187;center&#187; custom_padding=&#187;|||&#187;] CONTACTEZ-NOUS Merci de votre int\u00e9r\u00eat pour la soci\u00e9t\u00e9 SICH. Si vous souhaitez faire part de votre avis sur notre produit, veuillez utiliser le formulaire. Si vous avez des questions, des commentaires ou des suggestions concernant [&hellip;]<\/p>\n","protected":false},"author":1,"featured_media":0,"parent":0,"menu_order":0,"comment_status":"closed","ping_status":"closed","template":"","meta":{"_et_pb_use_builder":"on","_et_pb_old_content":"","_et_gb_content_width":"","footnotes":""},"class_list":["post-103","page","type-page","status-publish","hentry"],"yoast_head":"<!-- This site is optimized with the Yoast SEO plugin v23.2 - https:\/\/yoast.com\/wordpress\/plugins\/seo\/ -->\n<title>Contacts - Sich<\/title>\n<meta name=\"robots\" content=\"index, follow, max-snippet:-1, max-image-preview:large, max-video-preview:-1\" \/>\n<link rel=\"canonical\" href=\"https:\/\/sichmedical.com\/fr\/kontakti\/\" \/>\n<meta property=\"og:locale\" content=\"ru_RU\" \/>\n<meta property=\"og:type\" content=\"article\" \/>\n<meta property=\"og:title\" content=\"Contacts - Sich\" \/>\n<meta property=\"og:description\" content=\"[et_pb_section fb_built=&#187;1&#8243; _builder_version=&#187;3.22&#8243; custom_margin=&#187;|||&#187; custom_padding=&#187;0px|||&#187;][et_pb_row module_class=&#187;text-block&#187; _builder_version=&#187;3.25&#8243; module_alignment=&#187;center&#187; custom_padding=&#187;|||&#187;][et_pb_column type=&#187;4_4&#8243; _builder_version=&#187;3.25&#8243; custom_padding=&#187;|||&#187; custom_padding__hover=&#187;|||&#187;][et_pb_text _builder_version=&#187;4.9.4&#8243; text_font=&#187;||||||||&#187; max_width_tablet=&#187;&#187; max_width_phone=&#187;&#187; max_width_last_edited=&#187;on|phone&#187; module_alignment=&#187;center&#187; custom_padding=&#187;|||&#187;] CONTACTEZ-NOUS Merci de votre int\u00e9r\u00eat pour la soci\u00e9t\u00e9 SICH. Si vous souhaitez faire part de votre avis sur notre produit, veuillez utiliser le formulaire. Si vous avez des questions, des commentaires ou des suggestions concernant [&hellip;]\" \/>\n<meta property=\"og:url\" content=\"https:\/\/sichmedical.com\/fr\/kontakti\/\" \/>\n<meta property=\"og:site_name\" content=\"Sich\" \/>\n<meta property=\"article:modified_time\" content=\"2024-08-22T18:24:38+00:00\" \/>\n<meta name=\"twitter:card\" content=\"summary_large_image\" \/>\n<meta name=\"twitter:label1\" content=\"\u041f\u0440\u0438\u043c\u0435\u0440\u043d\u043e\u0435 \u0432\u0440\u0435\u043c\u044f \u0434\u043b\u044f \u0447\u0442\u0435\u043d\u0438\u044f\" \/>\n\t<meta name=\"twitter:data1\" content=\"1 \u043c\u0438\u043d\u0443\u0442\u0430\" \/>\n<script type=\"application\/ld+json\" class=\"yoast-schema-graph\">{\"@context\":\"https:\/\/schema.org\",\"@graph\":[{\"@type\":\"WebPage\",\"@id\":\"https:\/\/sichmedical.com\/fr\/kontakti\/\",\"url\":\"https:\/\/sichmedical.com\/fr\/kontakti\/\",\"name\":\"Contacts - Sich\",\"isPartOf\":{\"@id\":\"https:\/\/sichmedical.com\/fr\/#website\"},\"datePublished\":\"2017-10-03T13:04:02+00:00\",\"dateModified\":\"2024-08-22T18:24:38+00:00\",\"breadcrumb\":{\"@id\":\"https:\/\/sichmedical.com\/fr\/kontakti\/#breadcrumb\"},\"inLanguage\":\"ru-RU\",\"potentialAction\":[{\"@type\":\"ReadAction\",\"target\":[\"https:\/\/sichmedical.com\/fr\/kontakti\/\"]}]},{\"@type\":\"BreadcrumbList\",\"@id\":\"https:\/\/sichmedical.com\/fr\/kontakti\/#breadcrumb\",\"itemListElement\":[{\"@type\":\"ListItem\",\"position\":1,\"name\":\"\u0413\u043b\u0430\u0432\u043d\u0430\u044f \u0441\u0442\u0440\u0430\u043d\u0438\u0446\u0430\",\"item\":\"https:\/\/sichmedical.com\/fr\/\"},{\"@type\":\"ListItem\",\"position\":2,\"name\":\"Contacts\"}]},{\"@type\":\"WebSite\",\"@id\":\"https:\/\/sichmedical.com\/fr\/#website\",\"url\":\"https:\/\/sichmedical.com\/fr\/\",\"name\":\"Sich\",\"description\":\"Sich\",\"potentialAction\":[{\"@type\":\"SearchAction\",\"target\":{\"@type\":\"EntryPoint\",\"urlTemplate\":\"https:\/\/sichmedical.com\/fr\/?s={search_term_string}\"},\"query-input\":\"required name=search_term_string\"}],\"inLanguage\":\"ru-RU\"}]}<\/script>\n<!-- \/ Yoast SEO plugin. -->","yoast_head_json":{"title":"Contacts - Sich","robots":{"index":"index","follow":"follow","max-snippet":"max-snippet:-1","max-image-preview":"max-image-preview:large","max-video-preview":"max-video-preview:-1"},"canonical":"https:\/\/sichmedical.com\/fr\/kontakti\/","og_locale":"ru_RU","og_type":"article","og_title":"Contacts - Sich","og_description":"[et_pb_section fb_built=&#187;1&#8243; _builder_version=&#187;3.22&#8243; custom_margin=&#187;|||&#187; custom_padding=&#187;0px|||&#187;][et_pb_row module_class=&#187;text-block&#187; _builder_version=&#187;3.25&#8243; module_alignment=&#187;center&#187; custom_padding=&#187;|||&#187;][et_pb_column type=&#187;4_4&#8243; _builder_version=&#187;3.25&#8243; custom_padding=&#187;|||&#187; custom_padding__hover=&#187;|||&#187;][et_pb_text _builder_version=&#187;4.9.4&#8243; text_font=&#187;||||||||&#187; max_width_tablet=&#187;&#187; max_width_phone=&#187;&#187; max_width_last_edited=&#187;on|phone&#187; module_alignment=&#187;center&#187; custom_padding=&#187;|||&#187;] CONTACTEZ-NOUS Merci de votre int\u00e9r\u00eat pour la soci\u00e9t\u00e9 SICH. Si vous souhaitez faire part de votre avis sur notre produit, veuillez utiliser le formulaire. Si vous avez des questions, des commentaires ou des suggestions concernant [&hellip;]","og_url":"https:\/\/sichmedical.com\/fr\/kontakti\/","og_site_name":"Sich","article_modified_time":"2024-08-22T18:24:38+00:00","twitter_card":"summary_large_image","twitter_misc":{"\u041f\u0440\u0438\u043c\u0435\u0440\u043d\u043e\u0435 \u0432\u0440\u0435\u043c\u044f \u0434\u043b\u044f \u0447\u0442\u0435\u043d\u0438\u044f":"1 \u043c\u0438\u043d\u0443\u0442\u0430"},"schema":{"@context":"https:\/\/schema.org","@graph":[{"@type":"WebPage","@id":"https:\/\/sichmedical.com\/fr\/kontakti\/","url":"https:\/\/sichmedical.com\/fr\/kontakti\/","name":"Contacts - Sich","isPartOf":{"@id":"https:\/\/sichmedical.com\/fr\/#website"},"datePublished":"2017-10-03T13:04:02+00:00","dateModified":"2024-08-22T18:24:38+00:00","breadcrumb":{"@id":"https:\/\/sichmedical.com\/fr\/kontakti\/#breadcrumb"},"inLanguage":"ru-RU","potentialAction":[{"@type":"ReadAction","target":["https:\/\/sichmedical.com\/fr\/kontakti\/"]}]},{"@type":"BreadcrumbList","@id":"https:\/\/sichmedical.com\/fr\/kontakti\/#breadcrumb","itemListElement":[{"@type":"ListItem","position":1,"name":"\u0413\u043b\u0430\u0432\u043d\u0430\u044f \u0441\u0442\u0440\u0430\u043d\u0438\u0446\u0430","item":"https:\/\/sichmedical.com\/fr\/"},{"@type":"ListItem","position":2,"name":"Contacts"}]},{"@type":"WebSite","@id":"https:\/\/sichmedical.com\/fr\/#website","url":"https:\/\/sichmedical.com\/fr\/","name":"Sich","description":"Sich","potentialAction":[{"@type":"SearchAction","target":{"@type":"EntryPoint","urlTemplate":"https:\/\/sichmedical.com\/fr\/?s={search_term_string}"},"query-input":"required name=search_term_string"}],"inLanguage":"ru-RU"}]}},"_links":{"self":[{"href":"https:\/\/sichmedical.com\/fr\/wp-json\/wp\/v2\/pages\/103"}],"collection":[{"href":"https:\/\/sichmedical.com\/fr\/wp-json\/wp\/v2\/pages"}],"about":[{"href":"https:\/\/sichmedical.com\/fr\/wp-json\/wp\/v2\/types\/page"}],"author":[{"embeddable":true,"href":"https:\/\/sichmedical.com\/fr\/wp-json\/wp\/v2\/users\/1"}],"replies":[{"embeddable":true,"href":"https:\/\/sichmedical.com\/fr\/wp-json\/wp\/v2\/comments?post=103"}],"version-history":[{"count":76,"href":"https:\/\/sichmedical.com\/fr\/wp-json\/wp\/v2\/pages\/103\/revisions"}],"predecessor-version":[{"id":2232,"href":"https:\/\/sichmedical.com\/fr\/wp-json\/wp\/v2\/pages\/103\/revisions\/2232"}],"wp:attachment":[{"href":"https:\/\/sichmedical.com\/fr\/wp-json\/wp\/v2\/media?parent=103"}],"curies":[{"name":"wp","href":"https:\/\/api.w.org\/{rel}","templated":true}]}}