{"id":54,"date":"2017-10-03T12:29:08","date_gmt":"2017-10-03T09:29:08","guid":{"rendered":"http:\/\/tr.lotussoft.biz\/?page_id=54"},"modified":"2023-04-29T21:55:57","modified_gmt":"2023-04-29T18:55:57","slug":"sich-ukraine","status":"publish","type":"page","link":"https:\/\/sichmedical.com\/es\/sich-ukraine\/","title":{"rendered":"Sobre la Empresa"},"content":{"rendered":"<p>[et_pb_section fb_built=&#187;1&#8243; _builder_version=&#187;3.22&#8243;][et_pb_row module_class=&#187;text-block&#187; _builder_version=&#187;3.25&#8243; custom_padding=&#187;||0px|&#187;][et_pb_column type=&#187;4_4&#8243; _builder_version=&#187;3.25&#8243; custom_padding=&#187;||0px|&#187; custom_padding__hover=&#187;|||&#187;][et_pb_text module_class=&#187;text-block&#187; _builder_version=&#187;4.9.4&#8243;]<\/p>\n<div class=\"intro-contacts\">\n<h1>EMPRESA \u201cSICH UCRANIA\u201d<\/h1>\n<\/div>\n<p>[\/et_pb_text][\/et_pb_column][\/et_pb_row][et_pb_row custom_padding_last_edited=&#187;on|phone&#187; module_class=&#187;text-block&#187; _builder_version=&#187;3.25&#8243; custom_margin=&#187;||0px|&#187; custom_padding=&#187;0px||0px|&#187; custom_padding_tablet=&#187;&#187; custom_padding_phone=&#187;|10px||10px&#187;][et_pb_column type=&#187;4_4&#8243; _builder_version=&#187;3.25&#8243; custom_padding=&#187;|||&#187; custom_padding__hover=&#187;|||&#187;][et_pb_text _builder_version=&#187;4.9.4&#8243; text_font=&#187;||||||||&#187; hover_enabled=&#187;0&#8243; sticky_enabled=&#187;0&#8243;]Es principal fabricante ucraniano de torniquetes hemost\u00e1ticos &#171;Torniquete SICH&#187; es un instrumento No. 1 en los botiquines de primeros auxilios civiles y militares modernos.<\/p>\n<p>Es proveedor oficial del Ministerio de Defensa de Ucrania, Guardia Nacional, Polic\u00eda.<\/p>\n<p>La Empresa fue fundada en 2014 por equipo de emprendedores y voluntarios encabezados por Oleksandr Hadomskyi.<\/p>\n<p>La primera y principal tarea planteada a los dise\u00f1adores en el momento de creaci\u00f3n de la Empresa en las condiciones de la guerra h\u00edbrida contra Ucrania fue inventar su propio dise\u00f1o particular del torniquete SICH que en cualquier que sean las condiciones clim\u00e1ticas, en su estado h\u00famedo, sangriento, sucio, cubierto de nieve, en heladas y en color fuerte deteniera r\u00e1pidamente la hemorragia masiva en la extremidad y resistiera cargas extremas. \u00a0Al haber pasado las etapas de dise\u00f1o, pruebas y consultas, el equipo logr\u00f3 encontrar una soluci\u00f3n integral efectiva que posteriormente se materializ\u00f3 en el dise\u00f1o original y patentado denominado &#171;Torniquete SICH&#187;.<\/p>\n<p>&#171;SICH&#187; es un s\u00edmbolo de la fuerza de Ucrania.<\/p>\n<p>\u00a1Es precisamente porque nuestra Empresa asumi\u00f3 este nombre fuerte y curtido en las victorias!<\/p>\n<p>En general, la historia de &#171;Torniquete SICH&#187; es una historia de la uni\u00f3n de gran cantidad de personas, equipo de dise\u00f1adores, m\u00e9dicos, militares, voluntarios que tuvo como objetivo alcanzar una misi\u00f3n noble &#8212; salvar vidas humanas.<\/p>\n<p>[\/et_pb_text][\/et_pb_column][\/et_pb_row][\/et_pb_section]<\/p>\n","protected":false},"excerpt":{"rendered":"<p>[et_pb_section fb_built=&#187;1&#8243; _builder_version=&#187;3.22&#8243;][et_pb_row module_class=&#187;text-block&#187; _builder_version=&#187;3.25&#8243; custom_padding=&#187;||0px|&#187;][et_pb_column type=&#187;4_4&#8243; _builder_version=&#187;3.25&#8243; custom_padding=&#187;||0px|&#187; custom_padding__hover=&#187;|||&#187;][et_pb_text module_class=&#187;text-block&#187; _builder_version=&#187;4.9.4&#8243;] EMPRESA \u201cSICH UCRANIA\u201d [\/et_pb_text][\/et_pb_column][\/et_pb_row][et_pb_row custom_padding_last_edited=&#187;on|phone&#187; module_class=&#187;text-block&#187; _builder_version=&#187;3.25&#8243; custom_margin=&#187;||0px|&#187; custom_padding=&#187;0px||0px|&#187; custom_padding_tablet=&#187;&#187; custom_padding_phone=&#187;|10px||10px&#187;][et_pb_column type=&#187;4_4&#8243; _builder_version=&#187;3.25&#8243; custom_padding=&#187;|||&#187; custom_padding__hover=&#187;|||&#187;][et_pb_text _builder_version=&#187;4.9.4&#8243; text_font=&#187;||||||||&#187; hover_enabled=&#187;0&#8243; sticky_enabled=&#187;0&#8243;]Es principal fabricante ucraniano de torniquetes hemost\u00e1ticos &#171;Torniquete SICH&#187; es un instrumento No. 1 en los botiquines de primeros auxilios civiles y militares modernos. Es [&hellip;]<\/p>\n","protected":false},"author":1,"featured_media":0,"parent":0,"menu_order":0,"comment_status":"closed","ping_status":"closed","template":"","meta":{"_et_pb_use_builder":"on","_et_pb_old_content":"<h1 style=\"text-align: center;\">\u041a\u043e\u043c\u043f\u0430\u043d\u0456\u044f \"\u0421\u0456\u0447-\u0423\u043a\u0440\u0430\u0457\u043d\u0430\".<\/h1>\r\n\u041f\u0440\u043e\u0432\u0456\u0434\u043d\u0438\u0439 \u0443\u043a\u0440\u0430\u0457\u043d\u0441\u044c\u043a\u0438\u0439 \u0432\u0438\u0440\u043e\u0431\u043d\u0438\u043a \u043a\u0440\u043e\u0432\u043e\u0441\u043f\u0438\u043d\u043d\u0438\u0445 \u0434\u0436\u0433\u0443\u0442\u0456\u0432 \"\u0421\u0406\u0427-\u0422\u0443\u0440\u043d\u0456\u043a\u0435\u0442\" - \u0456\u043d\u0441\u0442\u0440\u0443\u043c\u0435\u043d\u0442\u0443 \u043d\u043e\u043c\u0435\u0440 \u043e\u0434\u0438\u043d \u0432 \u0441\u0443\u0447\u0430\u0441\u043d\u0438\u0445 \u0446\u0438\u0432\u0456\u043b\u044c\u043d\u0438\u0445 \u0456 \u0432\u0456\u0439\u0441\u044c\u043a\u043e\u0432\u0438\u0445 \u0430\u043f\u0442\u0435\u0447\u043a\u0430\u0445. \u041e\u0444\u0456\u0446\u0456\u0439\u043d\u0438\u0439 \u043f\u043e\u0441\u0442\u0430\u0447\u0430\u043b\u044c\u043d\u0438\u043a \u0417\u0431\u0440\u043e\u0457\u043d\u0438\u0445 \u0441\u0438\u043b \u0423\u043a\u0440\u0430\u0457\u043d\u0438,\u041d\u0430\u0446\u0456\u043e\u043d\u0430\u043b\u044c\u043d\u043e\u0457 \u043f\u043e\u043b\u0456\u0446\u0456\u0457 \u0423\u043a\u0440\u0430\u0457\u043d\u0438, \u041d\u0430\u0446\u0456\u043e\u043d\u0430\u043b\u044c\u043d\u043e\u0457 \u0413\u0432\u0430\u0440\u0434\u0456\u0457 \u0423\u043a\u0440\u0430\u0457\u043d\u0438. \u0417\u0430\u0441\u043d\u043e\u0432\u0430\u043d\u0430 \u0443 2014 \u0440\u043e\u0446\u0456. \u041f\u0435\u0440\u0448\u0438\u043c \u0456 \u0433\u043e\u043b\u043e\u0432\u043d\u0438\u043c \u0437\u0430\u0432\u0434\u0430\u043d\u043d\u044f\u043c, \u044f\u043a\u0435 \u043f\u043e\u0441\u0442\u0430\u043b\u043e \u043f\u0435\u0440\u0435\u0434 \u0440\u043e\u0437\u0440\u043e\u0431\u043d\u0438\u043a\u0430\u043c\u0438 \u043d\u0430 \u043c\u043e\u043c\u0435\u043d\u0442 \u0441\u0442\u0432\u043e\u0440\u0435\u043d\u043d\u044f \u043a\u043e\u043c\u043f\u0430\u043d\u0456\u0457 \u2013 \u0431\u0443\u043b\u043e \u0432\u0438\u043d\u0430\u0439\u0442\u0438 \u0441\u0432\u043e\u044e, \u043e\u0441\u043e\u0431\u043b\u0438\u0432\u0443 \u043a\u043e\u043d\u0441\u0442\u0440\u0443\u043a\u0446\u0456\u044e, \u044f\u043a\u0430 \u0431 \u0437\u0430 \u0431\u0443\u0434\u044c-\u044f\u043a\u0438\u0445 \u043f\u043e\u0433\u043e\u0434\u043d\u0438\u0445 \u0443\u043c\u043e\u0432, \u0443 \u043c\u043e\u043a\u0440\u043e\u043c\u0443, \u0437\u0430\u0441\u043d\u0456\u0436\u0435\u043d\u043e\u043c\u0443, \u0437\u0430\u0431\u0440\u0443\u0434\u043d\u0435\u043d\u043e\u043c\u0443 \u0441\u0442\u0430\u043d\u0456, \u043f\u0440\u0438 \u0435\u043a\u0441\u0442\u0440\u0435\u043c\u0430\u043b\u044c\u043d\u043e\u043c\u0443 \u043d\u0430\u0433\u0440\u0456\u0432\u0430\u043d\u043d\u0456 \u0447\u0438 \u043e\u0445\u043e\u043b\u043e\u0434\u0436\u0435\u043d\u0456, \u0437\u0443\u043f\u0438\u043d\u044f\u043b\u0430 \u0431 \u043c\u0430\u0441\u043e\u0432\u0430\u043d\u0443 \u043a\u0440\u043e\u0432\u043e\u0442\u0435\u0447\u0443 \u043a\u0456\u043d\u0446\u0456\u0432\u043a\u0438 \u0456 \u0432\u0438\u0442\u0440\u0438\u043c\u0443\u0432\u0430\u043b\u0430 \u0435\u043a\u0441\u0442\u0440\u0435\u043c\u0430\u043b\u044c\u043d\u0456 \u043f\u0435\u0440\u0435\u043d\u0430\u0432\u0430\u043d\u0442\u0430\u0436\u0435\u043d\u043d\u044f. \u0428\u0432\u0438\u0434\u043a\u043e \u043f\u0440\u043e\u0439\u0448\u043e\u0432\u0448\u0438 \u0435\u0442\u0430\u043f\u0438 \u0440\u043e\u0437\u0440\u043e\u0431\u043a\u0438, \u0442\u0435\u0441\u0442\u0456\u0432 \u0456 \u043a\u043e\u043d\u0441\u0443\u043b\u044c\u0442\u0430\u0446\u0456\u0439, \u043a\u043e\u043c\u0430\u043d\u0434\u0430 \u0437\u0440\u0435\u0448\u0442\u043e\u044e \u0437\u043d\u0430\u0439\u0448\u043b\u0430 \u0435\u0444\u0435\u043a\u0442\u0438\u0432\u043d\u0435 \u043a\u043e\u043c\u043f\u043b\u0435\u043a\u0441\u043d\u0435 \u0440\u0456\u0448\u0435\u043d\u043d\u044f, \u044f\u043a\u0435 \u0437\u0433\u043e\u0434\u043e\u043c \u0432\u0442\u0456\u043b\u0438\u043b\u043e\u0441\u044f \u0443 \u043e\u0440\u0438\u0433\u0456\u043d\u0430\u043b\u044c\u043d\u0456\u0439, \u0437\u0430\u043f\u0430\u0442\u0435\u043d\u0442\u043e\u0432\u0430\u043d\u0456\u0439 \u043a\u043e\u043d\u0441\u0442\u0440\u0443\u043a\u0446\u0456\u0457 \"\u0421\u0406\u0427-\u0422\u0443\u0440\u043d\u0456\u043a\u0435\u0442\". \u0421\u0456\u0447 - \u0441\u0438\u043c\u0432\u043e\u043b \u0441\u0438\u043b\u0438 \u0423\u043a\u0440\u0430\u0457\u043d\u0438. \u0421\u0430\u043c\u0435 \u0442\u043e\u043c\u0443 \u043d\u0430\u0448\u0430 \u043a\u043e\u043c\u043f\u0430\u043d\u0456\u044f \u0432\u0437\u044f\u043b\u0430 \u0441\u043e\u0431\u0456 \u0446\u044e \u0441\u0438\u043b\u044c\u043d\u0443 \u0456 \u0437\u0430\u0433\u0430\u0440\u0442\u043e\u0432\u0430\u043d\u0443 \u043f\u0435\u0440\u0435\u043c\u043e\u0433\u0430\u043c\u0438 \u043d\u0430\u0437\u0432\u0443! \u0417\u0430\u0433\u0430\u043b\u043e\u043c \u0456\u0441\u0442\u043e\u0440\u0456\u044f \u201c\u0421\u0406\u0427-\u0422\u0443\u0440\u043d\u0456\u043a\u0435\u0442\u0443\u201d \u2013 \u0446\u0435 \u0456\u0441\u0442\u043e\u0440\u0456\u044f \u043e\u0431\u2019\u0454\u0434\u043d\u0430\u043d\u043d\u044f \u0432\u0435\u043b\u0438\u043a\u043e\u0457 \u043a\u0456\u043b\u044c\u043a\u043e\u0441\u0442\u0456 \u043b\u044e\u0434\u0435\u0439, \u043a\u043e\u043c\u0430\u043d\u0434\u0438 \u043a\u043e\u043d\u0441\u0442\u0440\u0443\u043a\u0442\u043e\u0440\u0456\u0432, \u043c\u0435\u0434\u0438\u043a\u0456\u0432, \u0432\u0456\u0439\u0441\u044c\u043a\u043e\u0432\u0438\u0445, \u0432\u043e\u043b\u043e\u043d\u0442\u0435\u0440\u0456\u0432, \u0437\u0430\u0440\u0430\u0434\u0438 \u0432\u0438\u0441\u043e\u043a\u043e\u0457 \u043c\u0435\u0442\u0438 \u2013 \u043f\u043e\u0440\u044f\u0442\u0443\u043d\u043a\u0443 \u043b\u044e\u0434\u0441\u044c\u043a\u043e\u0433\u043e \u0436\u0438\u0442\u0442\u044f.","_et_gb_content_width":"","footnotes":""},"class_list":["post-54","page","type-page","status-publish","hentry"],"yoast_head":"<!-- This site is optimized with the Yoast SEO plugin v16.2 - https:\/\/yoast.com\/wordpress\/plugins\/seo\/ -->\n<title>Sobre la Empresa - Sich<\/title>\n<meta name=\"robots\" content=\"noindex, follow, max-snippet:-1, max-image-preview:large, max-video-preview:-1\" \/>\n<meta property=\"og:locale\" content=\"ru_RU\" \/>\n<meta property=\"og:type\" content=\"article\" \/>\n<meta property=\"og:title\" content=\"Sobre la Empresa - Sich\" \/>\n<meta property=\"og:description\" content=\"[et_pb_section fb_built=&#187;1&#8243; _builder_version=&#187;3.22&#8243;][et_pb_row module_class=&#187;text-block&#187; _builder_version=&#187;3.25&#8243; custom_padding=&#187;||0px|&#187;][et_pb_column type=&#187;4_4&#8243; _builder_version=&#187;3.25&#8243; custom_padding=&#187;||0px|&#187; custom_padding__hover=&#187;|||&#187;][et_pb_text module_class=&#187;text-block&#187; _builder_version=&#187;4.9.4&#8243;] EMPRESA \u201cSICH UCRANIA\u201d [\/et_pb_text][\/et_pb_column][\/et_pb_row][et_pb_row custom_padding_last_edited=&#187;on|phone&#187; module_class=&#187;text-block&#187; _builder_version=&#187;3.25&#8243; custom_margin=&#187;||0px|&#187; custom_padding=&#187;0px||0px|&#187; custom_padding_tablet=&#187;&#187; custom_padding_phone=&#187;|10px||10px&#187;][et_pb_column type=&#187;4_4&#8243; _builder_version=&#187;3.25&#8243; custom_padding=&#187;|||&#187; custom_padding__hover=&#187;|||&#187;][et_pb_text _builder_version=&#187;4.9.4&#8243; text_font=&#187;||||||||&#187; hover_enabled=&#187;0&#8243; sticky_enabled=&#187;0&#8243;]Es principal fabricante ucraniano de torniquetes hemost\u00e1ticos &#171;Torniquete SICH&#187; es un instrumento No. 1 en los botiquines de primeros auxilios civiles y militares modernos. Es [&hellip;]\" \/>\n<meta property=\"og:url\" content=\"https:\/\/sichmedical.com\/es\/sich-ukraine\/\" \/>\n<meta property=\"og:site_name\" content=\"Sich\" \/>\n<meta property=\"article:modified_time\" content=\"2023-04-29T18:55:57+00:00\" \/>\n<meta name=\"twitter:card\" content=\"summary\" \/>\n<meta name=\"twitter:label1\" content=\"\u041f\u0440\u0438\u043c\u0435\u0440\u043d\u043e\u0435 \u0432\u0440\u0435\u043c\u044f \u0434\u043b\u044f \u0447\u0442\u0435\u043d\u0438\u044f\">\n\t<meta name=\"twitter:data1\" content=\"2 \u043c\u0438\u043d\u0443\u0442\u044b\">\n<script type=\"application\/ld+json\" class=\"yoast-schema-graph\">{\"@context\":\"https:\/\/schema.org\",\"@graph\":[{\"@type\":\"WebSite\",\"@id\":\"https:\/\/sichmedical.com\/es\/#website\",\"url\":\"https:\/\/sichmedical.com\/es\/\",\"name\":\"Sich\",\"description\":\"Sich\",\"potentialAction\":[{\"@type\":\"SearchAction\",\"target\":\"https:\/\/sichmedical.com\/es\/?s={search_term_string}\",\"query-input\":\"required name=search_term_string\"}],\"inLanguage\":\"ru-RU\"},{\"@type\":\"WebPage\",\"@id\":\"https:\/\/sichmedical.com\/es\/sich-ukraine\/#webpage\",\"url\":\"https:\/\/sichmedical.com\/es\/sich-ukraine\/\",\"name\":\"Sobre la Empresa - Sich\",\"isPartOf\":{\"@id\":\"https:\/\/sichmedical.com\/es\/#website\"},\"datePublished\":\"2017-10-03T09:29:08+00:00\",\"dateModified\":\"2023-04-29T18:55:57+00:00\",\"breadcrumb\":{\"@id\":\"https:\/\/sichmedical.com\/es\/sich-ukraine\/#breadcrumb\"},\"inLanguage\":\"ru-RU\",\"potentialAction\":[{\"@type\":\"ReadAction\",\"target\":[\"https:\/\/sichmedical.com\/es\/sich-ukraine\/\"]}]},{\"@type\":\"BreadcrumbList\",\"@id\":\"https:\/\/sichmedical.com\/es\/sich-ukraine\/#breadcrumb\",\"itemListElement\":[{\"@type\":\"ListItem\",\"position\":1,\"item\":{\"@type\":\"WebPage\",\"@id\":\"https:\/\/sichmedical.com\/es\/\",\"url\":\"https:\/\/sichmedical.com\/es\/\",\"name\":\"\\u0413\\u043b\\u0430\\u0432\\u043d\\u0430\\u044f \\u0441\\u0442\\u0440\\u0430\\u043d\\u0438\\u0446\\u0430\"}},{\"@type\":\"ListItem\",\"position\":2,\"item\":{\"@id\":\"https:\/\/sichmedical.com\/es\/sich-ukraine\/#webpage\"}}]}]}<\/script>\n<!-- \/ Yoast SEO plugin. -->","_links":{"self":[{"href":"https:\/\/sichmedical.com\/es\/wp-json\/wp\/v2\/pages\/54"}],"collection":[{"href":"https:\/\/sichmedical.com\/es\/wp-json\/wp\/v2\/pages"}],"about":[{"href":"https:\/\/sichmedical.com\/es\/wp-json\/wp\/v2\/types\/page"}],"author":[{"embeddable":true,"href":"https:\/\/sichmedical.com\/es\/wp-json\/wp\/v2\/users\/1"}],"replies":[{"embeddable":true,"href":"https:\/\/sichmedical.com\/es\/wp-json\/wp\/v2\/comments?post=54"}],"version-history":[{"count":29,"href":"https:\/\/sichmedical.com\/es\/wp-json\/wp\/v2\/pages\/54\/revisions"}],"predecessor-version":[{"id":2208,"href":"https:\/\/sichmedical.com\/es\/wp-json\/wp\/v2\/pages\/54\/revisions\/2208"}],"wp:attachment":[{"href":"https:\/\/sichmedical.com\/es\/wp-json\/wp\/v2\/media?parent=54"}],"curies":[{"name":"wp","href":"https:\/\/api.w.org\/{rel}","templated":true}]}}