{"id":1380,"date":"2018-02-14T11:04:42","date_gmt":"2018-02-14T08:04:42","guid":{"rendered":"http:\/\/tr.lotussoft.biz\/?page_id=1380"},"modified":"2021-04-27T16:13:31","modified_gmt":"2021-04-27T13:13:31","slug":"turniket","status":"publish","type":"page","link":"https:\/\/sichmedical.com\/es\/turniket\/","title":{"rendered":"Torniquete"},"content":{"rendered":"\n[et_pb_section fb_built=&#187;1&#8243; _builder_version=&#187;3.22&#8243;][et_pb_row module_class=&#187;text-block&#187; _builder_version=&#187;3.25&#8243;][et_pb_column type=&#187;4_4&#8243; _builder_version=&#187;3.25&#8243; custom_padding=&#187;|||&#187; custom_padding__hover=&#187;|||&#187;][et_pb_text _builder_version=&#187;4.9.4&#8243; hover_enabled=&#187;0&#8243; sticky_enabled=&#187;0&#8243;]<div class=\"intro-contacts\">\n<h1>TORNIQUETE SICH TIENE VENTAJAS \u00daNICAS QUE SUPERAN A LOS AN\u00c1LOGOS<\/h1>\n<\/div>[\/et_pb_text][et_pb_image src=&#187;https:\/\/sich.ua\/wp-content\/uploads\/2017\/10\/slide2-1.jpg&#187; alt=&#187;\u043a\u0440\u043e\u0432\u043e\u0441\u043f\u0438\u043d\u043d\u0438\u0439 \u0434\u0436\u0433\u0443\u0442&#187; show_in_lightbox=&#187;on&#187; align_tablet=&#187;center&#187; align_last_edited=&#187;on|desktop&#187; _builder_version=&#187;3.23&#8243;]\u00a0\r[\/et_pb_image][\/et_pb_column][\/et_pb_row][et_pb_row module_class=&#187;properties&#187; _builder_version=&#187;3.25&#8243; column_structure=&#187;1_2,1_2&#8243;][et_pb_column type=&#187;1_2&#8243; _builder_version=&#187;3.25&#8243; custom_padding=&#187;|||&#187; custom_padding__hover=&#187;|||&#187;][et_pb_text module_class=&#187;mobile-tablet&#187; _builder_version=&#187;3.27.4&#8243;]<h3>METAL FITMENTS<\/h3>[\/et_pb_text][et_pb_text module_class=&#187;mobile-tablet&#187; _builder_version=&#187;3.27.4&#8243;]Light but rather resistant duraluminum fitment can stand extreme working loads. [\/et_pb_text][et_pb_image src=&#187;https:\/\/sich.ua\/wp-content\/uploads\/2018\/02\/image1.jpg&#187; show_in_lightbox=&#187;on&#187; align_tablet=&#187;center&#187; align_last_edited=&#187;on|desktop&#187; _builder_version=&#187;3.23&#8243;]\u00a0\r[\/et_pb_image][et_pb_text module_class=&#187;desktop-only&#187; _builder_version=&#187;4.9.4&#8243; hover_enabled=&#187;0&#8243; sticky_enabled=&#187;0&#8243;]<h3>HERRAJES MET\u00c1LICOS<\/h3>[\/et_pb_text][et_pb_text module_class=&#187;desktop-only&#187; _builder_version=&#187;4.9.4&#8243; hover_enabled=&#187;0&#8243; sticky_enabled=&#187;0&#8243;]Los accesorios de duraluminio ligeros pero resistentes pueden soportar las cargas de trabajo extremas. [\/et_pb_text][\/et_pb_column][et_pb_column type=&#187;1_2&#8243; _builder_version=&#187;3.25&#8243; custom_padding=&#187;|||&#187; custom_padding__hover=&#187;|||&#187;][et_pb_text module_class=&#187;mobile-tablet&#187; _builder_version=&#187;3.27.4&#8243;]<h3>NO ENJURIES<\/h3>[\/et_pb_text][et_pb_text module_class=&#187;mobile-tablet&#187; _builder_version=&#187;3.27.4&#8243; header_font=&#187;||||||||&#187;]Soft coating + integral buckle and platform + incorporated patented telescopic mechanism prevent from soft tissues pinching and from their atrophy, if the tourniquet is applied. [\/et_pb_text][et_pb_image src=&#187;https:\/\/sich.ua\/wp-content\/uploads\/2018\/02\/image2.jpg&#187; show_in_lightbox=&#187;on&#187; align_tablet=&#187;center&#187; align_last_edited=&#187;on|desktop&#187; _builder_version=&#187;3.23&#8243;]\u00a0\r[\/et_pb_image][et_pb_text module_class=&#187;desktop-only&#187; _builder_version=&#187;4.9.4&#8243; hover_enabled=&#187;0&#8243; sticky_enabled=&#187;0&#8243;]<h3>NADA DE LESIONES<\/h3>[\/et_pb_text][et_pb_text module_class=&#187;desktop-only&#187; _builder_version=&#187;4.9.4&#8243; hover_enabled=&#187;0&#8243; sticky_enabled=&#187;0&#8243;]Revestimiento suave + hebilla s\u00f3lida y plataforma + mecanismo telesc\u00f3pico patentado incorporado impiden cualquier pellizco de los tejidos blandos y su atrof\u00eda, si se aplica el torniquete.  [\/et_pb_text][\/et_pb_column][\/et_pb_row][et_pb_row module_class=&#187;properties&#187; _builder_version=&#187;3.25&#8243; column_structure=&#187;1_2,1_2&#8243;][et_pb_column type=&#187;1_2&#8243; _builder_version=&#187;3.25&#8243; custom_padding=&#187;|||&#187; custom_padding__hover=&#187;|||&#187;][et_pb_text module_class=&#187;mobile-tablet&#187; _builder_version=&#187;3.27.4&#8243;]<h3>TRIANGLE FOR FIXING<\/h3>[\/et_pb_text][et_pb_text module_class=&#187;mobile-tablet&#187; _builder_version=&#187;3.27.4&#8243;]Our special patented form of triangle enables quickly and securely to fix the stick and the tail of the rope. [\/et_pb_text][et_pb_image src=&#187;https:\/\/sich.ua\/wp-content\/uploads\/2018\/02\/image3.jpg&#187; show_in_lightbox=&#187;on&#187; align_tablet=&#187;center&#187; align_last_edited=&#187;on|desktop&#187; _builder_version=&#187;3.23&#8243;]\u00a0\r[\/et_pb_image][et_pb_text module_class=&#187;desktop-only&#187; _builder_version=&#187;4.9.4&#8243; hover_enabled=&#187;0&#8243; sticky_enabled=&#187;0&#8243;]<h3>TRI\u00c1NGULO DE FIJACI\u00d3N<\/h3>[\/et_pb_text][et_pb_text module_class=&#187;desktop-only&#187; _builder_version=&#187;4.9.4&#8243; hover_enabled=&#187;0&#8243; sticky_enabled=&#187;0&#8243;]La forma especial patentada del tri\u00e1ngulo permite fijar la barra y la cola de la cinta de manera r\u00e1pida y segura.  [\/et_pb_text][\/et_pb_column][et_pb_column type=&#187;1_2&#8243; _builder_version=&#187;3.25&#8243; custom_padding=&#187;|||&#187; custom_padding__hover=&#187;|||&#187;][et_pb_text module_class=&#187;mobile-tablet&#187; _builder_version=&#187;3.27.4&#8243;]<h3>ERGONOMICS<\/h3>[\/et_pb_text][et_pb_text module_class=&#187;mobile-tablet&#187; _builder_version=&#187;3.27.4&#8243;]No any extra millimeter. The optimal size of the platform and its holder selected an result of numerous tests conducted under extreme conditions. Maximum square area and force of holder blocking compared with other tourniquets. [\/et_pb_text][et_pb_image src=&#187;https:\/\/sich.ua\/wp-content\/uploads\/2018\/02\/image4.jpg&#187; show_in_lightbox=&#187;on&#187; align_tablet=&#187;center&#187; align_last_edited=&#187;on|desktop&#187; _builder_version=&#187;3.23&#8243;]\u00a0\r[\/et_pb_image][et_pb_text module_class=&#187;desktop-only&#187; _builder_version=&#187;4.9.4&#8243; hover_enabled=&#187;0&#8243; sticky_enabled=&#187;0&#8243;]<h3>ERGONOM\u00cdA<\/h3>[\/et_pb_text][et_pb_text module_class=&#187;desktop-only&#187; _builder_version=&#187;4.9.4&#8243; hover_enabled=&#187;0&#8243; sticky_enabled=&#187;0&#8243;]Nada de mil\u00edmetro extra. Tama\u00f1os \u00f3ptimos de plataforma y man\u00edvela seleccionados despu\u00e9s de numerosas pruebas en condiciones extremas. \u00c1rea y fuerza m\u00e1ximas para cerrar el flujo sangu\u00edneo, en comparaci\u00f3n con otros torniquetes.  [\/et_pb_text][\/et_pb_column][\/et_pb_row][et_pb_row module_class=&#187;properties&#187; _builder_version=&#187;3.25&#8243; column_structure=&#187;1_2,1_2&#8243;][et_pb_column type=&#187;1_2&#8243; _builder_version=&#187;3.25&#8243; custom_padding=&#187;|||&#187; custom_padding__hover=&#187;|||&#187;][et_pb_text module_class=&#187;mobile-tablet&#187; _builder_version=&#187;3.27.4&#8243;]<h3>ROPE FOR MARKING<\/h3>[\/et_pb_text][et_pb_text module_class=&#187;mobile-tablet&#187; _builder_version=&#187;3.27.4&#8243;]Due to special grey coating it is possible to make markings with any sharp object (bullet cartridge, nail, etc.) [\/et_pb_text][et_pb_image src=&#187;https:\/\/sich.ua\/wp-content\/uploads\/2018\/02\/image5.jpg&#187; show_in_lightbox=&#187;on&#187; align_tablet=&#187;center&#187; align_last_edited=&#187;on|desktop&#187; _builder_version=&#187;3.23&#8243;]\u00a0\r[\/et_pb_image][et_pb_text module_class=&#187;desktop-only&#187; _builder_version=&#187;4.9.4&#8243; hover_enabled=&#187;0&#8243; sticky_enabled=&#187;0&#8243;]<h3>CINTA PARA MARCAR<\/h3>[\/et_pb_text][et_pb_text module_class=&#187;desktop-only&#187; _builder_version=&#187;4.9.4&#8243; hover_enabled=&#187;0&#8243; sticky_enabled=&#187;0&#8243;]Debido al revestimiento gris especial, es posible hacer marcas, hasta con la falta de un marcador, utilizando cualquier objeto afilado (cartucho de la bala, clavo, etc.).  [\/et_pb_text][\/et_pb_column][et_pb_column type=&#187;1_2&#8243; _builder_version=&#187;3.25&#8243; custom_padding=&#187;|||&#187; custom_padding__hover=&#187;|||&#187;][et_pb_text module_class=&#187;mobile-tablet&#187; _builder_version=&#187;3.27.4&#8243;]<h3>EXTRASTRONG STICKING TECHNOLOGY<\/h3>[\/et_pb_text][et_pb_text module_class=&#187;mobile-tablet&#187; _builder_version=&#187;3.27.4&#8243;]Special patented technology ensures extra strong sticking of the tape and its secure and effective operation at any state, being wet, snow-covered, dirty, in frost and heat. [\/et_pb_text][et_pb_image src=&#187;https:\/\/sich.ua\/wp-content\/uploads\/2018\/02\/image6.jpg&#187; show_in_lightbox=&#187;on&#187; align_tablet=&#187;center&#187; align_last_edited=&#187;on|desktop&#187; _builder_version=&#187;3.23&#8243;]\u00a0\r[\/et_pb_image][et_pb_text module_class=&#187;desktop-only&#187; _builder_version=&#187;4.9.4&#8243; hover_enabled=&#187;0&#8243; sticky_enabled=&#187;0&#8243;]<h3>TECNOLOG\u00cdA DE ADHESI\u00d3N EXTRA FUERTE<\/h3>[\/et_pb_text][et_pb_text module_class=&#187;desktop-only&#187; _builder_version=&#187;4.9.4&#8243; hover_enabled=&#187;0&#8243; sticky_enabled=&#187;0&#8243;]La tecnolog\u00eda especial patentada asegura una adherencia extra fuerte de la cinta y su funcionamiento seguro y eficaz en estado h\u00famedo, sucio, cubierto de nieve, en heladas y en color.[\/et_pb_text][\/et_pb_column][\/et_pb_row][\/et_pb_section][et_pb_section fb_built=&#187;1&#8243; fullwidth=&#187;on&#187; _builder_version=&#187;3.22&#8243;][\/et_pb_section]\n","protected":false},"excerpt":{"rendered":"","protected":false},"author":1,"featured_media":0,"parent":0,"menu_order":0,"comment_status":"closed","ping_status":"closed","template":"","meta":{"_et_pb_use_builder":"on","_et_pb_old_content":"","_et_gb_content_width":"","footnotes":""},"class_list":["post-1380","page","type-page","status-publish","hentry"],"yoast_head":"<!-- This site is optimized with the Yoast SEO plugin v16.2 - https:\/\/yoast.com\/wordpress\/plugins\/seo\/ -->\n<title>Torniquete - Sich<\/title>\n<meta name=\"robots\" content=\"noindex, follow, max-snippet:-1, max-image-preview:large, max-video-preview:-1\" \/>\n<meta property=\"og:locale\" content=\"ru_RU\" \/>\n<meta property=\"og:type\" content=\"article\" \/>\n<meta property=\"og:title\" content=\"Torniquete - Sich\" \/>\n<meta property=\"og:url\" content=\"https:\/\/sichmedical.com\/es\/turniket\/\" \/>\n<meta property=\"og:site_name\" content=\"Sich\" \/>\n<meta property=\"article:modified_time\" content=\"2021-04-27T13:13:31+00:00\" \/>\n<meta name=\"twitter:card\" content=\"summary\" \/>\n<meta name=\"twitter:label1\" content=\"\u041f\u0440\u0438\u043c\u0435\u0440\u043d\u043e\u0435 \u0432\u0440\u0435\u043c\u044f \u0434\u043b\u044f \u0447\u0442\u0435\u043d\u0438\u044f\">\n\t<meta name=\"twitter:data1\" content=\"3 \u043c\u0438\u043d\u0443\u0442\u044b\">\n<script type=\"application\/ld+json\" class=\"yoast-schema-graph\">{\"@context\":\"https:\/\/schema.org\",\"@graph\":[{\"@type\":\"WebSite\",\"@id\":\"https:\/\/sichmedical.com\/es\/#website\",\"url\":\"https:\/\/sichmedical.com\/es\/\",\"name\":\"Sich\",\"description\":\"Sich\",\"potentialAction\":[{\"@type\":\"SearchAction\",\"target\":\"https:\/\/sichmedical.com\/es\/?s={search_term_string}\",\"query-input\":\"required name=search_term_string\"}],\"inLanguage\":\"ru-RU\"},{\"@type\":\"WebPage\",\"@id\":\"https:\/\/sichmedical.com\/es\/turniket\/#webpage\",\"url\":\"https:\/\/sichmedical.com\/es\/turniket\/\",\"name\":\"Torniquete - Sich\",\"isPartOf\":{\"@id\":\"https:\/\/sichmedical.com\/es\/#website\"},\"datePublished\":\"2018-02-14T08:04:42+00:00\",\"dateModified\":\"2021-04-27T13:13:31+00:00\",\"breadcrumb\":{\"@id\":\"https:\/\/sichmedical.com\/es\/turniket\/#breadcrumb\"},\"inLanguage\":\"ru-RU\",\"potentialAction\":[{\"@type\":\"ReadAction\",\"target\":[\"https:\/\/sichmedical.com\/es\/turniket\/\"]}]},{\"@type\":\"BreadcrumbList\",\"@id\":\"https:\/\/sichmedical.com\/es\/turniket\/#breadcrumb\",\"itemListElement\":[{\"@type\":\"ListItem\",\"position\":1,\"item\":{\"@type\":\"WebPage\",\"@id\":\"https:\/\/sichmedical.com\/es\/\",\"url\":\"https:\/\/sichmedical.com\/es\/\",\"name\":\"\\u0413\\u043b\\u0430\\u0432\\u043d\\u0430\\u044f \\u0441\\u0442\\u0440\\u0430\\u043d\\u0438\\u0446\\u0430\"}},{\"@type\":\"ListItem\",\"position\":2,\"item\":{\"@id\":\"https:\/\/sichmedical.com\/es\/turniket\/#webpage\"}}]}]}<\/script>\n<!-- \/ Yoast SEO plugin. -->","_links":{"self":[{"href":"https:\/\/sichmedical.com\/es\/wp-json\/wp\/v2\/pages\/1380"}],"collection":[{"href":"https:\/\/sichmedical.com\/es\/wp-json\/wp\/v2\/pages"}],"about":[{"href":"https:\/\/sichmedical.com\/es\/wp-json\/wp\/v2\/types\/page"}],"author":[{"embeddable":true,"href":"https:\/\/sichmedical.com\/es\/wp-json\/wp\/v2\/users\/1"}],"replies":[{"embeddable":true,"href":"https:\/\/sichmedical.com\/es\/wp-json\/wp\/v2\/comments?post=1380"}],"version-history":[{"count":24,"href":"https:\/\/sichmedical.com\/es\/wp-json\/wp\/v2\/pages\/1380\/revisions"}],"predecessor-version":[{"id":2192,"href":"https:\/\/sichmedical.com\/es\/wp-json\/wp\/v2\/pages\/1380\/revisions\/2192"}],"wp:attachment":[{"href":"https:\/\/sichmedical.com\/es\/wp-json\/wp\/v2\/media?parent=1380"}],"curies":[{"name":"wp","href":"https:\/\/api.w.org\/{rel}","templated":true}]}}