{"id":103,"date":"2017-10-03T16:04:02","date_gmt":"2017-10-03T13:04:02","guid":{"rendered":"http:\/\/tr.lotussoft.biz\/?page_id=103"},"modified":"2024-08-22T21:23:56","modified_gmt":"2024-08-22T18:23:56","slug":"kontakti","status":"publish","type":"page","link":"https:\/\/sichmedical.com\/es\/kontakti\/","title":{"rendered":"Contacto"},"content":{"rendered":"<p>[et_pb_section fb_built=&#187;1&#8243; _builder_version=&#187;3.22&#8243; custom_margin=&#187;|||&#187; custom_padding=&#187;0px|||&#187;][et_pb_row module_class=&#187;text-block&#187; _builder_version=&#187;3.25&#8243; module_alignment=&#187;center&#187; custom_padding=&#187;|||&#187;][et_pb_column type=&#187;4_4&#8243; _builder_version=&#187;3.25&#8243; custom_padding=&#187;|||&#187; custom_padding__hover=&#187;|||&#187;][et_pb_text _builder_version=&#187;4.9.4&#8243; text_font=&#187;||||||||&#187; max_width_tablet=&#187;&#187; max_width_phone=&#187;&#187; max_width_last_edited=&#187;on|phone&#187; module_alignment=&#187;center&#187; custom_padding=&#187;|||&#187;]<\/p>\n<div class=\"intro-contacts\">\n<h1>CONT\u00c1CTENOS<\/h1>\n<p>Gracias por inter\u00e9s  en la empresa SICH. Si desea dejar algun comentario sobre nuestro producto, utilize el formulario de comentarios. Si tiene alguna pregunta, observaci\u00f3n o sugerencia sobre nuestro sitio o servicios, por favor, env\u00edenos su mensaje a <a href=\"mailto:info@sich.ua\">info@sich.ua<\/a>, y nos ponemos en contacto con Usted dentro de 24 horas posteriores al momento de env\u00edo de su mensaje.\n<\/div>\n<p>[\/et_pb_text][\/et_pb_column][\/et_pb_row][et_pb_row _builder_version=&#187;3.25&#8243; custom_margin=&#187;0px||0px|&#187; custom_padding=&#187;0px||0px|&#187;][et_pb_column type=&#187;4_4&#8243; _builder_version=&#187;3.25&#8243; custom_padding=&#187;|||&#187; custom_padding__hover=&#187;|||&#187;][et_pb_code _builder_version=&#187;4.9.4&#8243; custom_margin=&#187;|0px||0px&#187; custom_padding=&#187;|0px||0px&#187; hover_enabled=&#187;0&#8243; sticky_enabled=&#187;0&#8243;]<\/p>\n<div class=\"contacts-row\"><!-- [et_pb_line_break_holder] --><\/p>\n<div class=\"contact-lcol\"><!-- [et_pb_line_break_holder] --><\/p>\n<h4><b>SICH Medical LLC<\/b><\/h4>\n<p><!-- [et_pb_line_break_holder] --><\/p>\n<div class=\"contacts-content\"><!-- [et_pb_line_break_holder] --><span><strong>Tel\u00e9fono:<\/strong> +1 224 536 0392<\/span><!-- [et_pb_line_break_holder] --><span><strong>Correo electr\u00f3nico:<\/strong> info.sichmedical@gmail.com <\/span><!-- [et_pb_line_break_holder] --><\/div>\n<p><!-- [et_pb_line_break_holder] --><pee align=\"justify\">Durante toda la existencia de la Empresa no solo fabricamos torniquetes hemost\u00e1ticos de la m\u00e1s alta calidad.  Hacemos todos los esfurzos necesarios para prestar a nuestros clientes los servicios de nivel mundial despues de la compra de nuestros productos, as\u00ed como ofrecemos nuestra atenci\u00f3n en cada caso particular. Respondemos a las solicitudes de los militares, m\u00e9dicos y voluntarios de manera consecuente, prestamos asistencia t\u00e9cnica e instructiva gratuita, efectuamos entrega r\u00e1pida de mercanc\u00eda desde el almac\u00e9n, garantizando la calidad al 100 por ciento.   <\/pee><!-- [et_pb_line_break_holder] --><\/div>\n<p><!-- [et_pb_line_break_holder] --><\/p>\n<div class=\"contact-rcol\"><!-- [et_pb_line_break_holder] --><\/div>\n<p><!-- [et_pb_line_break_holder] --><\/div>\n<p>[\/et_pb_code][\/et_pb_column][\/et_pb_row][\/et_pb_section]<\/p>\n","protected":false},"excerpt":{"rendered":"<p>[et_pb_section fb_built=&#187;1&#8243; _builder_version=&#187;3.22&#8243; custom_margin=&#187;|||&#187; custom_padding=&#187;0px|||&#187;][et_pb_row module_class=&#187;text-block&#187; _builder_version=&#187;3.25&#8243; module_alignment=&#187;center&#187; custom_padding=&#187;|||&#187;][et_pb_column type=&#187;4_4&#8243; _builder_version=&#187;3.25&#8243; custom_padding=&#187;|||&#187; custom_padding__hover=&#187;|||&#187;][et_pb_text _builder_version=&#187;4.9.4&#8243; text_font=&#187;||||||||&#187; max_width_tablet=&#187;&#187; max_width_phone=&#187;&#187; max_width_last_edited=&#187;on|phone&#187; module_alignment=&#187;center&#187; custom_padding=&#187;|||&#187;] CONT\u00c1CTENOS Gracias por inter\u00e9s en la empresa SICH. Si desea dejar algun comentario sobre nuestro producto, utilize el formulario de comentarios. Si tiene alguna pregunta, observaci\u00f3n o sugerencia sobre nuestro sitio o servicios, por favor, [&hellip;]<\/p>\n","protected":false},"author":1,"featured_media":0,"parent":0,"menu_order":0,"comment_status":"closed","ping_status":"closed","template":"","meta":{"_et_pb_use_builder":"on","_et_pb_old_content":"","_et_gb_content_width":"","footnotes":""},"class_list":["post-103","page","type-page","status-publish","hentry"],"yoast_head":"<!-- This site is optimized with the Yoast SEO plugin v16.2 - https:\/\/yoast.com\/wordpress\/plugins\/seo\/ -->\n<title>Contacto - Sich<\/title>\n<meta name=\"robots\" content=\"noindex, follow, max-snippet:-1, max-image-preview:large, max-video-preview:-1\" \/>\n<meta property=\"og:locale\" content=\"ru_RU\" \/>\n<meta property=\"og:type\" content=\"article\" \/>\n<meta property=\"og:title\" content=\"Contacto - Sich\" \/>\n<meta property=\"og:description\" content=\"[et_pb_section fb_built=&#187;1&#8243; _builder_version=&#187;3.22&#8243; custom_margin=&#187;|||&#187; custom_padding=&#187;0px|||&#187;][et_pb_row module_class=&#187;text-block&#187; _builder_version=&#187;3.25&#8243; module_alignment=&#187;center&#187; custom_padding=&#187;|||&#187;][et_pb_column type=&#187;4_4&#8243; _builder_version=&#187;3.25&#8243; custom_padding=&#187;|||&#187; custom_padding__hover=&#187;|||&#187;][et_pb_text _builder_version=&#187;4.9.4&#8243; text_font=&#187;||||||||&#187; max_width_tablet=&#187;&#187; max_width_phone=&#187;&#187; max_width_last_edited=&#187;on|phone&#187; module_alignment=&#187;center&#187; custom_padding=&#187;|||&#187;] CONT\u00c1CTENOS Gracias por inter\u00e9s en la empresa SICH. Si desea dejar algun comentario sobre nuestro producto, utilize el formulario de comentarios. Si tiene alguna pregunta, observaci\u00f3n o sugerencia sobre nuestro sitio o servicios, por favor, [&hellip;]\" \/>\n<meta property=\"og:url\" content=\"https:\/\/sichmedical.com\/es\/kontakti\/\" \/>\n<meta property=\"og:site_name\" content=\"Sich\" \/>\n<meta property=\"article:modified_time\" content=\"2024-08-22T18:23:56+00:00\" \/>\n<meta name=\"twitter:card\" content=\"summary\" \/>\n<meta name=\"twitter:label1\" content=\"\u041f\u0440\u0438\u043c\u0435\u0440\u043d\u043e\u0435 \u0432\u0440\u0435\u043c\u044f \u0434\u043b\u044f \u0447\u0442\u0435\u043d\u0438\u044f\">\n\t<meta name=\"twitter:data1\" content=\"1 \u043c\u0438\u043d\u0443\u0442\u0430\">\n<script type=\"application\/ld+json\" class=\"yoast-schema-graph\">{\"@context\":\"https:\/\/schema.org\",\"@graph\":[{\"@type\":\"WebSite\",\"@id\":\"https:\/\/sichmedical.com\/es\/#website\",\"url\":\"https:\/\/sichmedical.com\/es\/\",\"name\":\"Sich\",\"description\":\"Sich\",\"potentialAction\":[{\"@type\":\"SearchAction\",\"target\":\"https:\/\/sichmedical.com\/es\/?s={search_term_string}\",\"query-input\":\"required name=search_term_string\"}],\"inLanguage\":\"ru-RU\"},{\"@type\":\"WebPage\",\"@id\":\"https:\/\/sichmedical.com\/es\/kontakti\/#webpage\",\"url\":\"https:\/\/sichmedical.com\/es\/kontakti\/\",\"name\":\"Contacto - Sich\",\"isPartOf\":{\"@id\":\"https:\/\/sichmedical.com\/es\/#website\"},\"datePublished\":\"2017-10-03T13:04:02+00:00\",\"dateModified\":\"2024-08-22T18:23:56+00:00\",\"breadcrumb\":{\"@id\":\"https:\/\/sichmedical.com\/es\/kontakti\/#breadcrumb\"},\"inLanguage\":\"ru-RU\",\"potentialAction\":[{\"@type\":\"ReadAction\",\"target\":[\"https:\/\/sichmedical.com\/es\/kontakti\/\"]}]},{\"@type\":\"BreadcrumbList\",\"@id\":\"https:\/\/sichmedical.com\/es\/kontakti\/#breadcrumb\",\"itemListElement\":[{\"@type\":\"ListItem\",\"position\":1,\"item\":{\"@type\":\"WebPage\",\"@id\":\"https:\/\/sichmedical.com\/es\/\",\"url\":\"https:\/\/sichmedical.com\/es\/\",\"name\":\"\\u0413\\u043b\\u0430\\u0432\\u043d\\u0430\\u044f \\u0441\\u0442\\u0440\\u0430\\u043d\\u0438\\u0446\\u0430\"}},{\"@type\":\"ListItem\",\"position\":2,\"item\":{\"@id\":\"https:\/\/sichmedical.com\/es\/kontakti\/#webpage\"}}]}]}<\/script>\n<!-- \/ Yoast SEO plugin. -->","_links":{"self":[{"href":"https:\/\/sichmedical.com\/es\/wp-json\/wp\/v2\/pages\/103"}],"collection":[{"href":"https:\/\/sichmedical.com\/es\/wp-json\/wp\/v2\/pages"}],"about":[{"href":"https:\/\/sichmedical.com\/es\/wp-json\/wp\/v2\/types\/page"}],"author":[{"embeddable":true,"href":"https:\/\/sichmedical.com\/es\/wp-json\/wp\/v2\/users\/1"}],"replies":[{"embeddable":true,"href":"https:\/\/sichmedical.com\/es\/wp-json\/wp\/v2\/comments?post=103"}],"version-history":[{"count":75,"href":"https:\/\/sichmedical.com\/es\/wp-json\/wp\/v2\/pages\/103\/revisions"}],"predecessor-version":[{"id":2213,"href":"https:\/\/sichmedical.com\/es\/wp-json\/wp\/v2\/pages\/103\/revisions\/2213"}],"wp:attachment":[{"href":"https:\/\/sichmedical.com\/es\/wp-json\/wp\/v2\/media?parent=103"}],"curies":[{"name":"wp","href":"https:\/\/api.w.org\/{rel}","templated":true}]}}